{"id":6304,"date":"2016-02-26T16:08:12","date_gmt":"2016-02-26T15:08:12","guid":{"rendered":"http:\/\/www.gwr.co.at\/?page_id=6304"},"modified":"2023-04-27T12:00:18","modified_gmt":"2023-04-27T10:00:18","slug":"home","status":"publish","type":"page","link":"https:\/\/www.gwr.co.at\/","title":{"rendered":"Home"},"content":{"rendered":"<p>[vc_row header_feature=&#8220;yes&#8220; padding_top=&#8220;120&#8243; padding_bottom=&#8220;120&#8243; margin_bottom=&#8220;0&#8243;][vc_column width=&#8220;1\/12&#8243;]<div class=\"eut-element eut-box-icon eut-align-left eut-large\" style=\"\">  <div class=\"eut-wrapper-icon eut-no-shape eut-color-grey\"><i class=\"fa fa-puzzle-piece eut-color-primary-1\"><\/i><\/div>  <div class=\"eut-box-content\">  <\/div><\/div>[\/vc_column][vc_column width=&#8220;1\/2&#8243;][vc_column_text]<\/p>\n<h1>Die richtigen Bausteine zur L\u00f6sung Ihres Rechtsproblems<\/h1>\n<p>[\/vc_column_text][\/vc_column][vc_column width=&#8220;7\/12&#8243;][vc_column_text text_style=&#8220;leader-text&#8220; animation=&#8220;fadeInLeft&#8220;]Ihre spezielle Situation verdient spezialisierte Beratung auf der H\u00f6he der Zeit, die auf Ihre Bed\u00fcrfnisse zugeschnitten ist. Profitieren Sie von unserer langj\u00e4hrigen Erfahrung.[\/vc_column_text][\/vc_column][\/vc_row][vc_row margin_bottom=&#8220;0&#8243; padding_bottom=&#8220;120&#8243;][vc_column width=&#8220;1\/3&#8243;]<div class=\"eut-element eut-slogan eut-align-left eut-animated-item eut-fadeInLeft\" style=\"\" data-delay=\"300\"><div class=\"eut-subtitle\">Speziell f\u00fcr KMUs und Konzernt\u00f6chter<\/div><h4 class=\"eut-slogan-title eut-align-left eut-title-no-line\"><span>Wirtschaftsrechtsberatung<\/span><\/h4>  <p class=\"\">Anwaltliches Gr\u00fcnderservice von A bis Z.<br \/>\nVom Gesellschaftsvertrag bis zur Gewerbe-<br \/>\nanmeldung. Laufende Rechtsberatung.<\/p><\/div>[\/vc_column][vc_column width=&#8220;1\/3&#8243;]<div class=\"eut-element eut-slogan eut-align-left eut-animated-item eut-fadeInLeft\" style=\"\" data-delay=\"400\"><div class=\"eut-subtitle\">In allen Lebenslagen<\/div><h4 class=\"eut-slogan-title eut-align-left eut-title-no-line\"><span>Zivilrechtsberatung<\/span><\/h4>  <p class=\"\">Erbrecht, Vertragsrecht, Immobilien,<br \/>\nVerkehrsrecht. Langj\u00e4hrige Erfahrung<br \/>\nund Verst\u00e4ndnis f\u00fcr Ihre spezielle Situation.<\/p><\/div>[\/vc_column][vc_column width=&#8220;1\/3&#8243;]<div class=\"eut-element eut-slogan eut-align-left eut-animated-item eut-fadeInLeft\" style=\"\" data-delay=\"500\"><div class=\"eut-subtitle\">Voller Einsatz f\u00fcr Ihre Sache<\/div><h4 class=\"eut-slogan-title eut-align-left eut-title-no-line\"><span>Streitbeilegung<\/span><\/h4>  <p class=\"\">Engagierte professionelle Vertretung vor<br \/>\nallen \u00f6sterreichischen Gerichten und Beh\u00f6rden.<br \/>\nNationale und Internationale Schiedsverfahren.<\/p><\/div>[\/vc_column][\/vc_row][vc_row section_type=&#8220;fullwidth-element&#8220; margin_bottom=&#8220;0&#8243;][vc_column]<div class=\"eut-element eut-hr \" style=\"\"><div class=\"eut-line-divider\"><\/div><\/div>[\/vc_column][\/vc_row][vc_row heading_color=&#8220;light&#8220; section_type=&#8220;fullwidth-element&#8220; flex_height=&#8220;yes&#8220; bg_type=&#8220;color&#8220; margin_bottom=&#8220;0&#8243; font_color=&#8220;rgba(255,255,255,0.4)&#8220; bg_color=&#8220;#313340&#8243;][vc_column width=&#8220;1\/2&#8243; tablet_width=&#8220;1&#8243; css=&#8220;.vc_custom_1462381416366{padding-top: 4% !important;padding-right: 5% !important;padding-bottom: 4% !important;padding-left: 5% !important;}&#8220;]<div class=\"eut-element eut-image eut-animated-item eut-fadeInUp eut-align-center\" style=\"\" data-delay=\"400\">  <img loading=\"lazy\" decoding=\"async\" alt=\"\" src=\"https:\/\/www.gwr.co.at\/wp-content\/uploads\/2016\/03\/GWR-Logo-light.png\" width=\"362\" height=\"152\" data-at2x=\"https:\/\/www.gwr.co.at\/wp-content\/uploads\/2000\/01\/eut-dummy-sample-image-small.png\"><\/div><div class=\"eut-element eut-slogan eut-align-center\" style=\"\"><h2 class=\"eut-slogan-title eut-align-center eut-title-no-line\"><span>Wir sind sofort f\u00fcr Sie da!<\/span><\/h2>  <p class=\"eut-leader-text\">Besonders wenn die Zeit dr\u00e4ngt nehmen wir uns f\u00fcr Sie Zeit. Fordern Sie einen kurzfristigen Termin oder unseren R\u00fcckruf an. Wir freuen uns darauf, f\u00fcr Sie da zu sein!<\/p><div class=\"eut-btn-wrapper\"><a class=\"eut-btn eut-btn-medium eut-round eut-bg-primary-1\" href=\"http:\/\/www.gwr.co.at\/?page_id=6398\/#kontaktformular\" target=\"_self\" style=\"\"><span>Kontaktformular<\/span><\/a><\/div><\/div>[\/vc_column][vc_column width=&#8220;1\/2&#8243; tablet_width=&#8220;1&#8243; css=&#8220;.vc_custom_1462381430398{background-image: url(https:\/\/www.gwr.co.at\/wp-content\/uploads\/2000\/01\/eut-dummy-sample-image-large.png?id=6108) !important;background-position: center !important;background-repeat: no-repeat !important;background-size: cover !important;}&#8220;]<div class=\"eut-element eut-image eut-align-center\" style=\"\">  <img loading=\"lazy\" decoding=\"async\" alt=\"\" src=\"https:\/\/www.gwr.co.at\/wp-content\/uploads\/2016\/05\/DSC6287.jpg\" width=\"1920\" height=\"1280\"><\/div>[\/vc_column][\/vc_row][vc_row heading_color=&#8220;primary-1&#8243; padding_top=&#8220;200&#8243; padding_bottom=&#8220;200&#8243; margin_bottom=&#8220;0&#8243;][vc_column width=&#8220;1\/3&#8243; tablet_sm_width=&#8220;1&#8243;]<div class=\"eut-element eut-box-icon eut-align-center eut-medium\" style=\"\">  <div class=\"eut-wrapper-icon eut-no-shape eut-color-grey\"><i class=\"entypo-icon entypo-icon-users eut-color-grey\"><\/i><\/div>  <div class=\"eut-box-content\">      <h5 class=\"eut-box-title\">Auf Augenh\u00f6he<\/h5>    <p class=\"\">Partnerschaftliches Mandatsverh\u00e4ltnis.<br \/>\nUmfassende und unmittelbare Aufkl\u00e4rung,<br \/>\nStrategieabstimmung und Transparenz.<\/p>  <\/div><\/div>[\/vc_column][vc_column width=&#8220;1\/3&#8243; tablet_sm_width=&#8220;1&#8243;]<div class=\"eut-element eut-box-icon eut-align-center eut-medium\" style=\"\">  <div class=\"eut-wrapper-icon eut-no-shape eut-color-grey\"><i class=\"vc_li vc_li-banknote eut-color-grey\"><\/i><\/div>  <div class=\"eut-box-content\">      <h5 class=\"eut-box-title\">Vertrauenssache Honorar<\/h5>    <p class=\"\">Transparente und faire Honorarabrechnung.<br \/>\nAbrechnung mit Ihrer Versicherung.<br \/>\nIndividuelle Vereinbarungen.<\/p>  <\/div><\/div>[\/vc_column][vc_column width=&#8220;1\/3&#8243; tablet_sm_width=&#8220;1&#8243;]<div class=\"eut-element eut-box-icon eut-align-center eut-medium\" style=\"\">  <div class=\"eut-wrapper-icon eut-no-shape eut-color-grey\"><i class=\"fa fa-comment-o eut-color-grey\"><\/i><\/div>  <div class=\"eut-box-content\">      <h5 class=\"eut-box-title\">Klartext statt Bahnhof<\/h5>    <p class=\"\">Unsere Rechtsberatung erfolgt in allgemein<br \/>\nverst\u00e4ndlicher Sprache statt in Fachchinesisch.<br \/>\nWir sprechen Ihre Sprache!<\/p>  <\/div><\/div>[\/vc_column][\/vc_row][vc_row heading_color=&#8220;grey&#8220; bg_type=&#8220;image&#8220; color_overlay=&#8220;dark&#8220; opacity_overlay=&#8220;60&#8243; padding_top=&#8220;50&#8243; padding_bottom=&#8220;40&#8243;][vc_column width=&#8220;1\/4&#8243; css=&#8220;.vc_custom_1438867773509{border-right-width: 1px !important;border-right-color: #474747 !important;border-right-style: solid !important;}&#8220;]<div class=\"eut-element eut-counter eut-align-center eut-animated-item eut-fadeInUp\" style=\"\" data-delay=\"400\">  <div class=\"eut-counter-content\">    <div class=\"eut-counter-item eut-color-white eut-small\">      <span data-thousands-separator-vis=\"\" data-thousands-separator=\",\" data-prefix=\"\" data-suffix=\"\" data-start-val=\"0\" data-end-val=\"160\" data-decimal-points=\"0\" data-decimal-separator=\".\">0<\/span>    <\/div>\t<h5 class=\"eut-counter-title\">Gerichtsverfahren<\/h5>  <\/div><\/div>[\/vc_column][vc_column width=&#8220;1\/4&#8243; css=&#8220;.vc_custom_1438867780821{border-right-width: 1px !important;border-right-color: #474747 !important;border-right-style: solid !important;}&#8220;]<div class=\"eut-element eut-counter eut-align-center eut-animated-item eut-fadeInUp\" style=\"\" data-delay=\"800\">  <div class=\"eut-counter-content\">    <div class=\"eut-counter-item eut-color-white eut-small\">      <span data-thousands-separator-vis=\"\" data-thousands-separator=\",\" data-prefix=\"\" data-suffix=\"\" data-start-val=\"0\" data-end-val=\"330\" data-decimal-points=\"0\" data-decimal-separator=\".\">0<\/span>    <\/div>\t<h5 class=\"eut-counter-title\">zufriedene Mandanten<\/h5>  <\/div><\/div>[\/vc_column][vc_column width=&#8220;1\/4&#8243; css=&#8220;.vc_custom_1438867787041{border-right-width: 1px !important;border-right-color: #474747 !important;border-right-style: solid !important;}&#8220;]<div class=\"eut-element eut-counter eut-align-center eut-animated-item eut-fadeInUp\" style=\"\" data-delay=\"1200\">  <div class=\"eut-counter-content\">    <div class=\"eut-counter-item eut-color-white eut-small\">      <span data-thousands-separator-vis=\"\" data-thousands-separator=\",\" data-prefix=\"\" data-suffix=\"\" data-start-val=\"0\" data-end-val=\"16\" data-decimal-points=\"0\" data-decimal-separator=\".\">0<\/span>    <\/div>\t<h5 class=\"eut-counter-title\">Jahre Anwaltserfahrung<\/h5>  <\/div><\/div>[\/vc_column][vc_column width=&#8220;1\/4&#8243;]<div class=\"eut-element eut-counter eut-align-center eut-animated-item eut-fadeInUp\" style=\"\" data-delay=\"1600\">  <div class=\"eut-counter-content\">    <div class=\"eut-counter-item eut-color-white eut-small\">      <span data-thousands-separator-vis=\"\" data-thousands-separator=\",\" data-prefix=\"+\" data-suffix=\"\" data-start-val=\"0\" data-end-val=\"100\" data-decimal-points=\"0\" data-decimal-separator=\".\">0<\/span>    <\/div>\t<h5 class=\"eut-counter-title\">% Einsatz f\u00fcr Sie<\/h5>  <\/div><\/div>[\/vc_column][\/vc_row][vc_row section_type=&#8220;fullwidth-element&#8220; flex_height=&#8220;yes&#8220; font_color=&#8220;rgba(0,0,0,0.85)&#8220;][vc_column width=&#8220;1\/3&#8243; tablet_sm_width=&#8220;1&#8243; css=&#8220;.vc_custom_1462377600689{padding-top: 4% !important;padding-right: 3% !important;padding-bottom: 4% !important;padding-left: 3% !important;background-color: #e1e7eb !important;}&#8220;]<div class=\"eut-element eut-slogan eut-align-center\" style=\"\"><h2 class=\"eut-slogan-title eut-align-center eut-title-no-line\"><span>Wir h\u00f6ren Ihnen zu!<\/span><\/h2>  <p class=\"eut-leader-text\">Wir freuen uns \u00fcber Feedback, Anregungen und jede konstruktive Kritik. <\/p><div class=\"eut-btn-wrapper\"><a class=\"eut-btn eut-btn-medium eut-round eut-bg-primary-1\" href=\"mailto:office@gwr.co.at?subject=GWR%20Webseitenfeedback\" target=\"_self\" style=\"\"><span>E-Mail senden<\/span><\/a><\/div><\/div>[\/vc_column][vc_column width=&#8220;1\/3&#8243; tablet_sm_width=&#8220;1&#8243; css=&#8220;.vc_custom_1439032975866{background-image: url(https:\/\/www.gwr.co.at\/wp-content\/uploads\/2000\/01\/eut-dummy-sample-image-large.png?id=6088) !important;background-position: center !important;background-repeat: no-repeat !important;background-size: cover !important;}&#8220;]<div class=\"eut-element eut-carousel-wrapper\"  style=\" \"><div class=\"eut-slider eut-carousel-element \" data-slider-speed=\"6000\" data-slider-pause=\"no\" data-navigation-type=\"0\" data-slider-autoplay=\"yes\" data-slider-autoheight=\"yes\"><div class=\"eut-slider-item\">\t<figure>\t\t<div class=\"eut-media\">\t\t\t<img loading=\"lazy\" decoding=\"async\" src=\"https:\/\/www.gwr.co.at\/wp-content\/uploads\/2016\/05\/H6B2446-1920x1280.jpg\" alt=\"_H6B2446\" width=\"1920\" height=\"1280\">\t\t<\/div>\t<\/figure><\/div><div class=\"eut-slider-item\">\t<figure>\t\t<div class=\"eut-media\">\t\t\t<img loading=\"lazy\" decoding=\"async\" src=\"https:\/\/www.gwr.co.at\/wp-content\/uploads\/2016\/05\/DSC6210-1920x1280.jpg\" alt=\"_DSC6210\" width=\"1920\" height=\"1280\">\t\t<\/div>\t<\/figure><\/div><div class=\"eut-slider-item\">\t<figure>\t\t<div class=\"eut-media\">\t\t\t<img loading=\"lazy\" decoding=\"async\" src=\"https:\/\/www.gwr.co.at\/wp-content\/uploads\/2016\/05\/DSC6279-1920x1280.jpg\" alt=\"_DSC6279\" width=\"1920\" height=\"1280\">\t\t<\/div>\t<\/figure><\/div>\t<\/div><\/div>[\/vc_column][vc_column width=&#8220;1\/3&#8243; tablet_sm_width=&#8220;1&#8243; css=&#8220;.vc_custom_1462377622865{padding-top: 4% !important;padding-right: 3% !important;padding-bottom: 4% !important;padding-left: 3% !important;background-color: #e1e7eb !important;}&#8220;]<div class=\"eut-element eut-slogan eut-align-center\" style=\"\"><h2 class=\"eut-slogan-title eut-align-center eut-title-no-line\"><span>Beitr\u00e4ge &amp; News<\/span><\/h2>  <p class=\"eut-leader-text\">Aktuelle Rechtsentwicklung und Entscheidungen aus unseren Beratungsbereichen.<\/p><div class=\"eut-btn-wrapper\"><a class=\"eut-btn eut-btn-medium eut-round eut-bg-primary-1\" href=\"http:\/\/www.gwr.co.at\/?page_id=6387\" target=\"_self\" style=\"\"><span>zum Rechtsblog<\/span><\/a><\/div><\/div>[\/vc_column][\/vc_row][vc_row padding_bottom=&#8220;150&#8243;][vc_column css=&#8220;.vc_custom_1439021916299{padding-right: 15% !important;padding-left: 15% !important;}&#8220;]<h2 class=\"eut-element eut-align-center eut-title-no-line\" style=\"\"><span>Referenzprojekte<\/span><\/h2>[vc_empty_space][\/vc_column][vc_column width=&#8220;1\/3&#8243;]<div class=\"eut-element eut-message eut-bg-primary-1\" style=\"\">  <i class=\"eut-icon fa fa-gavel\"><\/i>  <p>Umfassende Vertretung in einem langj\u00e4hrigen Gesellschafterstreit unter den Eigent\u00fcmern einer renommierten \u00d6sterreichischen Fachhandelskette.<\/p><\/div><div class=\"eut-element eut-message eut-bg-primary-1\" style=\"\">  <i class=\"eut-icon fa fa-shopping-cart\"><\/i>  <p>Verk\u00e4uferseitige Beratung in einer grenz\u00fcberschreitenden Immobilientransaktion betreffend 10 Einzelhandelsprojekte mit einem Volumen von &gt; 300 Mio Euro.<\/p><\/div>[\/vc_column][vc_column width=&#8220;1\/3&#8243;]<div class=\"eut-element eut-message eut-bg-primary-1\" style=\"\">  <i class=\"eut-icon fa fa-suitcase\"><\/i>  <p>Rechtliche Beratung im Zusammenhang mit der Finanzierung einer in \u00d6sterreich t\u00e4tigen internationalen Hotelkette .<\/p><\/div><div class=\"eut-element eut-message eut-bg-primary-1\" style=\"\">  <i class=\"eut-icon fa fa-building-o\"><\/i>  <p>Vertretung eines Investmentfonds bei der Refinanzierung einer B\u00fcroimmobilie in Bulgarien \u00fcber ein \u00f6sterreichisches Kreditinstitute (LMA Facility Agreement).<\/p><\/div>[\/vc_column][vc_column width=&#8220;1\/3&#8243;]<div class=\"eut-element eut-message eut-bg-primary-1\" style=\"\">  <i class=\"eut-icon vc_li vc_li-world\"><\/i>  <p>Umfassende rechtliche Beratung und Vertretung bei der Gr\u00fcndung von Inlandsgesellschaften durch Konzern aus EU und Drittstaaten. <\/p><\/div><div class=\"eut-element eut-message eut-bg-primary-1\" style=\"\">  <i class=\"eut-icon fa fa-road\"><\/i>  <p>Lokale Rechtsberatung im Zusammenhang mit der Gr\u00fcndung und dem Betrieb eines internationalen Joint Ventures f\u00fcr die Teilnahme an einem Infrastrukturprojekt in Russland.<\/p><\/div>[\/vc_column][\/vc_row][vc_row heading_color=&#8220;light&#8220; section_type=&#8220;fullwidth-element&#8220; flex_height=&#8220;yes&#8220; bg_type=&#8220;color&#8220; footer_feature=&#8220;yes&#8220; margin_bottom=&#8220;0&#8243; font_color=&#8220;rgba(255,255,255,0.4)&#8220; bg_color=&#8220;#313340&#8243;][vc_column width=&#8220;1\/2&#8243; tablet_width=&#8220;1&#8243; tablet_sm_width=&#8220;1&#8243; css=&#8220;.vc_custom_1439031777036{background-image: url(https:\/\/www.gwr.co.at\/wp-content\/uploads\/2000\/01\/eut-dummy-sample-image-large.png?id=6100) !important;background-position: center !important;background-repeat: no-repeat !important;background-size: cover !important;}&#8220;]<div class=\"eut-element eut-image eut-align-left\" style=\"\">  <img loading=\"lazy\" decoding=\"async\" alt=\"\" src=\"https:\/\/www.gwr.co.at\/wp-content\/uploads\/2016\/05\/DSC0094.jpg\" width=\"1920\" height=\"1281\"><\/div>[\/vc_column][vc_column width=&#8220;1\/2&#8243; tablet_width=&#8220;1&#8243; tablet_sm_width=&#8220;1&#8243; css=&#8220;.vc_custom_1462381553846{padding-top: 3% !important;padding-right: 5% !important;padding-bottom: 3% !important;padding-left: 5% !important;}&#8220;]<div class=\"eut-element eut-slogan eut-align-center eut-animated-item eut-fadeInUp\" style=\"\" data-delay=\"300\"><h1 class=\"eut-slogan-title eut-align-center eut-title-no-line\"><span>modern & repr\u00e4sentativ<\/span><\/h1>  <p class=\"eut-leader-text\">Herzlich willkommen! Lichtdurchflutete Besprechungsr\u00e4ume mit modernster technischer Ausstattung erf\u00fcllen Ihre h\u00f6chsten Anspr\u00fcche. Passender Rahmen f\u00fcr Vertragsabschl\u00fcsse.<\/p><\/div>[vc_row_inner][vc_column_inner width=&#8220;1\/3&#8243; css=&#8220;.vc_custom_1438865845409{padding-top: 3% !important;padding-bottom: 3% !important;}&#8220;]<div class=\"eut-element eut-image eut-animated-item eut-fadeInUp eut-align-center\" style=\"\" data-delay=\"200\">  <img loading=\"lazy\" decoding=\"async\" alt=\"\" src=\"https:\/\/www.gwr.co.at\/wp-content\/uploads\/2016\/05\/H6B2841.jpg\" width=\"1920\" height=\"1280\"><\/div>[\/vc_column_inner][vc_column_inner width=&#8220;1\/3&#8243; css=&#8220;.vc_custom_1438865864264{padding-top: 3% !important;padding-bottom: 3% !important;}&#8220;]<div class=\"eut-element eut-image eut-animated-item eut-fadeInUp eut-align-center\" style=\"\" data-delay=\"400\">  <img loading=\"lazy\" decoding=\"async\" alt=\"\" src=\"https:\/\/www.gwr.co.at\/wp-content\/uploads\/2016\/05\/DSC6207.jpg\" width=\"1920\" height=\"1280\"><\/div>[\/vc_column_inner][vc_column_inner width=&#8220;1\/3&#8243; css=&#8220;.vc_custom_1438865873984{padding-top: 3% !important;padding-bottom: 3% !important;}&#8220;]<div class=\"eut-element eut-image eut-animated-item eut-fadeInUp eut-align-center\" style=\"\" data-delay=\"600\">  <img loading=\"lazy\" decoding=\"async\" alt=\"\" src=\"https:\/\/www.gwr.co.at\/wp-content\/uploads\/2016\/05\/H6B2602.jpg\" width=\"1920\" height=\"1280\"><\/div>[\/vc_column_inner][\/vc_row_inner][\/vc_column][\/vc_row]<\/p>\n","protected":false},"excerpt":{"rendered":"<p>[vc_row header_feature=&#8220;yes&#8220; padding_top=&#8220;120&#8243; padding_bottom=&#8220;120&#8243; margin_bottom=&#8220;0&#8243;][vc_column width=&#8220;1\/12&#8243;][\/vc_column][vc_column width=&#8220;1\/2&#8243;][vc_column_text] Die richtigen Bausteine zur L\u00f6sung Ihres Rechtsproblems [\/vc_column_text][\/vc_column][vc_column width=&#8220;7\/12&#8243;][vc_column_text text_style=&#8220;leader-text&#8220; animation=&#8220;fadeInLeft&#8220;]Ihre spezielle Situation verdient spezialisierte Beratung auf der H\u00f6he der Zeit, die auf Ihre Bed\u00fcrfnisse zugeschnitten ist. Profitieren Sie von unserer langj\u00e4hrigen Erfahrung.[\/vc_column_text][\/vc_column][\/vc_row][vc_row margin_bottom=&#8220;0&#8243; padding_bottom=&#8220;120&#8243;][vc_column width=&#8220;1\/3&#8243;][\/vc_column][vc_column width=&#8220;1\/3&#8243;][\/vc_column][vc_column width=&#8220;1\/3&#8243;][\/vc_column][\/vc_row][vc_row section_type=&#8220;fullwidth-element&#8220; margin_bottom=&#8220;0&#8243;][vc_column][\/vc_column][\/vc_row][vc_row heading_color=&#8220;light&#8220; section_type=&#8220;fullwidth-element&#8220; flex_height=&#8220;yes&#8220; bg_type=&#8220;color&#8220; margin_bottom=&#8220;0&#8243; font_color=&#8220;rgba(255,255,255,0.4)&#8220; bg_color=&#8220;#313340&#8243;][vc_column width=&#8220;1\/2&#8243; [&hellip;]<\/p>\n","protected":false},"author":1,"featured_media":0,"parent":0,"menu_order":0,"comment_status":"closed","ping_status":"closed","template":"","meta":{"footnotes":""},"class_list":["post-6304","page","type-page","status-publish","hentry"],"_links":{"self":[{"href":"https:\/\/www.gwr.co.at\/index.php?rest_route=\/wp\/v2\/pages\/6304","targetHints":{"allow":["GET"]}}],"collection":[{"href":"https:\/\/www.gwr.co.at\/index.php?rest_route=\/wp\/v2\/pages"}],"about":[{"href":"https:\/\/www.gwr.co.at\/index.php?rest_route=\/wp\/v2\/types\/page"}],"author":[{"embeddable":true,"href":"https:\/\/www.gwr.co.at\/index.php?rest_route=\/wp\/v2\/users\/1"}],"replies":[{"embeddable":true,"href":"https:\/\/www.gwr.co.at\/index.php?rest_route=%2Fwp%2Fv2%2Fcomments&post=6304"}],"version-history":[{"count":58,"href":"https:\/\/www.gwr.co.at\/index.php?rest_route=\/wp\/v2\/pages\/6304\/revisions"}],"predecessor-version":[{"id":7227,"href":"https:\/\/www.gwr.co.at\/index.php?rest_route=\/wp\/v2\/pages\/6304\/revisions\/7227"}],"wp:attachment":[{"href":"https:\/\/www.gwr.co.at\/index.php?rest_route=%2Fwp%2Fv2%2Fmedia&parent=6304"}],"curies":[{"name":"wp","href":"https:\/\/api.w.org\/{rel}","templated":true}]}}