{"id":6360,"date":"2016-03-01T17:40:20","date_gmt":"2016-03-01T16:40:20","guid":{"rendered":"http:\/\/www.gwr.co.at\/?page_id=6360"},"modified":"2023-04-27T12:06:28","modified_gmt":"2023-04-27T10:06:28","slug":"spw","status":"publish","type":"page","link":"https:\/\/www.gwr.co.at\/?page_id=6360","title":{"rendered":"SPW"},"content":{"rendered":"<p>[vc_row section_type=&#8220;fullwidth-element&#8220; header_feature=&#8220;yes&#8220; padding_top=&#8220;120&#8243; padding_bottom=&#8220;120&#8243; margin_bottom=&#8220;0&#8243;][vc_column width=&#8220;1\/2&#8243; tablet_width=&#8220;1&#8243; css=&#8220;.vc_custom_1438796683979{margin-bottom: 60px !important;padding-right: 5% !important;padding-left: 5% !important;}&#8220;]<div class=\"eut-element eut-image eut-align-center\" style=\"\">  <img loading=\"lazy\" decoding=\"async\" alt=\"\" src=\"https:\/\/www.gwr.co.at\/wp-content\/uploads\/2016\/05\/H6B2621.jpg\" width=\"1920\" height=\"1280\"><\/div>[vc_column_text]simon.weikinger@gwr.co.at<br \/>\n+43 (0) 1 3617080 &#8211; 0[\/vc_column_text][\/vc_column][vc_column width=&#8220;1\/2&#8243; tablet_width=&#8220;1&#8243; css=&#8220;.vc_custom_1438796618324{padding-right: 5% !important;padding-left: 5% !important;}&#8220;][vc_column_text animation=&#8220;fadeInRight&#8220;]<\/p>\n<h2>Simon P. Weikinger<\/h2>\n<p><span style=\"color: #000000;\"><strong>Wirtschaftsrechtsanwalt mit langj\u00e4hriger Erfahrung im nationalen und internationalen Gesch\u00e4ftsumfeld und betriebswirtschaftlichem Verst\u00e4ndnis<\/strong><\/span><\/p>\n<blockquote><p>Ich setzte mich mit meiner ganzen juristischen Erfahrung und Kreativit\u00e4t f\u00fcr die Interessen meiner Mandanten ein. Verst\u00e4ndliche, effiziente und verl\u00e4ssliche Beratung und Vertretung sind meine Versprechen an Sie.<\/p><\/blockquote>\n<p style=\"text-align: justify;\">Die Beratungsschwerpunkte von Mag. Simon P. Weikinger liegen in den Bereichen Unternehmens- und Vertragsrecht, rechtliche Beratung von Projektentwicklungen einschlie\u00dflich Finanzierungen, Begleitung von Private Equity und Venture Capital Transaktionen sowie grenz\u00fcberschreitender Rechtsberatung.<\/p>\n<hr \/>\n<h4><span style=\"color: #000000;\">Profil &amp; F\u00e4higkeiten<br \/>\n<\/span><\/h4>\n<ul>\n<li>Rechtsanwalt in Wien seit 2011<\/li>\n<li>Lehrbeauftragter der TU Wien f\u00fcr privates Wirtschaftsrecht<\/li>\n<li>Betriebswirtschaftliches Verst\u00e4ndnis<\/li>\n<li>Internationale Transaktionserfahrung<\/li>\n<li>Breite wirtschaftsrechtliche Erfahrung<\/li>\n<li>Rechtsberatung f\u00fcr Unternehmen aus einer Hand<\/li>\n<li>Juristisches Querdenken<\/li>\n<li>Mit Begeisterung und Freude Rechtsanwalt<\/li>\n<\/ul>\n<hr \/>\n<h4><span style=\"color: #000000;\">Beruflicher Werdegang<br \/>\n<\/span><\/h4>\n<p style=\"padding-left: 30px;\"><span style=\"color: #000000;\"><strong>2011 &#8211; 2016<\/strong><\/span><br \/>\n<span style=\"text-decoration: underline;\">Selbst\u00e4ndiger Rechtsanwalt in st\u00e4ndiger Kooperation mit Singer F\u00f6ssl Rechtsanw\u00e4lte OG.<\/span><br \/>\nUnternehmensrechtliche Beratung; KMU Transaktionen; Umstrukturierungen; Prozessvertretung in Gesellschafterauseinandersetzungen, internationalen Vertragsstreitigkeiten und Urheberrechtsfragen; Aufsichtsratst\u00e4tigkeit.<br \/>\n<span style=\"color: #000000;\"><strong>2007 &#8211; 2010<\/strong><\/span><br \/>\n<span style=\"text-decoration: underline;\">Rechtsanwaltsanw\u00e4rter CHSH Cerha Hempel Spiegelfeld Hlawati<\/span><br \/>\nCorporate and Commercial Abteilung. M&amp;A Transaktionen; Due Diligence; Share Deal und Asset Deal Vertragsgestaltung und -verhandlung; Liegenschaftsrecht; Vertriebsrecht mit Schwerpunkt auf Handelsvertreterrecht und Franchise.<br \/>\n<span style=\"color: #000000;\"><strong>1999 &#8211; 2006<\/strong><\/span><br \/>\nT\u00e4tigkeiten im internationalen Vertrieb und Marketing; Reiset\u00e4tigkeit im Nahen Osten und den USA. Studium der Rechtswissenschaften mit Schwerpunkt auf Rechtsvergleichung und internationales Privatwirtschaftsrecht.<\/p>\n<hr \/>\n<p>[\/vc_column_text][\/vc_column][\/vc_row]<\/p>\n","protected":false},"excerpt":{"rendered":"<p>[vc_row section_type=&#8220;fullwidth-element&#8220; header_feature=&#8220;yes&#8220; padding_top=&#8220;120&#8243; padding_bottom=&#8220;120&#8243; margin_bottom=&#8220;0&#8243;][vc_column width=&#8220;1\/2&#8243; tablet_width=&#8220;1&#8243; css=&#8220;.vc_custom_1438796683979{margin-bottom: 60px !important;padding-right: 5% !important;padding-left: 5% !important;}&#8220;][vc_column_text]simon.weikinger@gwr.co.at +43 (0) 1 3617080 &#8211; 0[\/vc_column_text][\/vc_column][vc_column width=&#8220;1\/2&#8243; tablet_width=&#8220;1&#8243; css=&#8220;.vc_custom_1438796618324{padding-right: 5% !important;padding-left: 5% !important;}&#8220;][vc_column_text animation=&#8220;fadeInRight&#8220;] Simon P. Weikinger Wirtschaftsrechtsanwalt mit langj\u00e4hriger Erfahrung im nationalen und internationalen Gesch\u00e4ftsumfeld und betriebswirtschaftlichem Verst\u00e4ndnis Ich setzte mich mit meiner ganzen juristischen Erfahrung und Kreativit\u00e4t f\u00fcr [&hellip;]<\/p>\n","protected":false},"author":1,"featured_media":0,"parent":0,"menu_order":0,"comment_status":"closed","ping_status":"closed","template":"","meta":{"footnotes":""},"class_list":["post-6360","page","type-page","status-publish","hentry"],"_links":{"self":[{"href":"https:\/\/www.gwr.co.at\/index.php?rest_route=\/wp\/v2\/pages\/6360","targetHints":{"allow":["GET"]}}],"collection":[{"href":"https:\/\/www.gwr.co.at\/index.php?rest_route=\/wp\/v2\/pages"}],"about":[{"href":"https:\/\/www.gwr.co.at\/index.php?rest_route=\/wp\/v2\/types\/page"}],"author":[{"embeddable":true,"href":"https:\/\/www.gwr.co.at\/index.php?rest_route=\/wp\/v2\/users\/1"}],"replies":[{"embeddable":true,"href":"https:\/\/www.gwr.co.at\/index.php?rest_route=%2Fwp%2Fv2%2Fcomments&post=6360"}],"version-history":[{"count":17,"href":"https:\/\/www.gwr.co.at\/index.php?rest_route=\/wp\/v2\/pages\/6360\/revisions"}],"predecessor-version":[{"id":7229,"href":"https:\/\/www.gwr.co.at\/index.php?rest_route=\/wp\/v2\/pages\/6360\/revisions\/7229"}],"wp:attachment":[{"href":"https:\/\/www.gwr.co.at\/index.php?rest_route=%2Fwp%2Fv2%2Fmedia&parent=6360"}],"curies":[{"name":"wp","href":"https:\/\/api.w.org\/{rel}","templated":true}]}}