{"id":6387,"date":"2016-03-02T11:20:59","date_gmt":"2016-03-02T10:20:59","guid":{"rendered":"http:\/\/www.gwr.co.at\/?page_id=6387&#038;lang=en"},"modified":"2016-03-03T15:25:24","modified_gmt":"2016-03-03T14:25:24","slug":"rechtsblog-2","status":"publish","type":"page","link":"https:\/\/www.gwr.co.at\/?page_id=6387","title":{"rendered":"Rechtsblog"},"content":{"rendered":"<p>[vc_row][vc_column]\t\t<div class=\"eut-element eut-blog eut-small-media eut-non-isotope eut-without-shadow\" style=\"\" >\r\n\t\t\t<div class=\"eut-standard-container\">\r\n\t\t\t<article id=\"post-7191\" class=\"eut-blog-item eut-small-post eut-non-isotope-item post-7191 post type-post status-publish format-standard has-post-thumbnail hentry category-unkategorisiert\" itemscope itemType=\"http:\/\/schema.org\/BlogPosting\">\r\n\t\t\t\t\t\t\t\t\t\t<meta itemprop=\"image\" content=\"https:\/\/www.gwr.co.at\/wp-content\/uploads\/2016\/12\/pen-fountain-pen-ink-gold-39065.jpeg\"\/>\r\n\t\t<div class=\"eut-media eut-image-hover\">\r\n\t\t\t<a href=\"https:\/\/www.gwr.co.at\/?p=7191\"><img loading=\"lazy\" decoding=\"async\" width=\"800\" height=\"450\" src=\"https:\/\/www.gwr.co.at\/wp-content\/uploads\/2016\/12\/pen-fountain-pen-ink-gold-39065-800x450.jpeg\" class=\"attachment-eut-image-small-rect-horizontal-wide size-eut-image-small-rect-horizontal-wide wp-post-image\" alt=\"\" srcset=\"https:\/\/www.gwr.co.at\/wp-content\/uploads\/2016\/12\/pen-fountain-pen-ink-gold-39065-800x450.jpeg 800w, https:\/\/www.gwr.co.at\/wp-content\/uploads\/2016\/12\/pen-fountain-pen-ink-gold-39065-1170x658.jpeg 1170w\" sizes=\"auto, (max-width: 800px) 100vw, 800px\" \/><\/a>\r\n\t\t<\/div>\r\n\r\n\t\t\t\t\t\t\t\t\t\t\t<div class=\"eut-post-content\">\r\n\t\t\t\t\t\t\t<a href=\"https:\/\/www.gwr.co.at\/?p=7191\" rel=\"bookmark\"><h5 class=\"eut-post-title\" itemprop=\"name headline\"><span>Neues Erbrecht ab 2017<\/span><\/h5><\/a>\t\t\t\t\t\t\t<div class=\"eut-small-text eut-post-meta\">\r\n\t\t\t\t\t\t\t\t\t\t<div class=\"eut-post-author\" itemprop=\"author\" itemscope=\"\" itemtype=\"http:\/\/schema.org\/Person\">\r\n\t\t\t<span>Von: <\/span><span itemprop=\"name\"><a href=\"https:\/\/www.gwr.co.at\/?author=2\" title=\"Beitr\u00e4ge von Georg Gradwohl\" rel=\"author\">Georg Gradwohl<\/a><\/span>\r\n\t\t<\/div>\r\n\t\t\t\t\t\t\t\t\t<time class=\"eut-post-date\" itemprop=\"datePublished\" datetime=\"2016-12-23T10:34:28+01:00\">\r\n\t\t23. Dezember 2016\t<\/time>\r\n\t\t\t\t\t\t\t\t\t\t<div class=\"eut-like-counter\"><span class=\"fa fa-heart\"><\/span>3<\/div>\r\n\t\t\t\t\t\t\t<\/div>\r\n\t\t\t\t\t\t\t<div itemprop=\"articleBody\"><p>Mit 01.01.2017 treten wesentliche \u00c4nderungen des Erbrechts in Kraft. Das neue Erbrecht ist anzuwenden, wenn&hellip;<\/p><a class=\"eut-read-more\" href=\"https:\/\/www.gwr.co.at\/?p=7191\"><span>weiterlesen<\/span><\/a><\/div>\t\t\t\t\t\t<\/div>\r\n\t\t\t\t\t\r\n\t\t\t\t\t\t\t<\/article>\r\n\r\n\t\t\t<article id=\"post-7176\" class=\"eut-blog-item eut-small-post eut-non-isotope-item post-7176 post type-post status-publish format-standard has-post-thumbnail hentry category-allgemeines-zivilrecht category-wirtschaftsrecht tag-anlegerschaden tag-beraterhaftung tag-hollandfonds tag-kommanditgesellschaft tag-kommanditistenhaftung tag-liquiditaetsausschuettung tag-schiffsbeteiligung tag-subsidiaritaetsprinzip\" itemscope itemType=\"http:\/\/schema.org\/BlogPosting\">\r\n\t\t\t\t\t\t\t\t\t\t<meta itemprop=\"image\" content=\"https:\/\/www.gwr.co.at\/wp-content\/uploads\/2016\/11\/pexels-photo-144347.jpeg\"\/>\r\n\t\t<div class=\"eut-media eut-image-hover\">\r\n\t\t\t<a href=\"https:\/\/www.gwr.co.at\/?p=7176\"><img loading=\"lazy\" decoding=\"async\" width=\"800\" height=\"450\" src=\"https:\/\/www.gwr.co.at\/wp-content\/uploads\/2016\/11\/pexels-photo-144347-800x450.jpeg\" class=\"attachment-eut-image-small-rect-horizontal-wide size-eut-image-small-rect-horizontal-wide wp-post-image\" alt=\"\" srcset=\"https:\/\/www.gwr.co.at\/wp-content\/uploads\/2016\/11\/pexels-photo-144347-800x450.jpeg 800w, https:\/\/www.gwr.co.at\/wp-content\/uploads\/2016\/11\/pexels-photo-144347-1170x658.jpeg 1170w\" sizes=\"auto, (max-width: 800px) 100vw, 800px\" \/><\/a>\r\n\t\t<\/div>\r\n\r\n\t\t\t\t\t\t\t\t\t\t\t<div class=\"eut-post-content\">\r\n\t\t\t\t\t\t\t<a href=\"https:\/\/www.gwr.co.at\/?p=7176\" rel=\"bookmark\"><h5 class=\"eut-post-title\" itemprop=\"name headline\"><span>Geschlossene Fonds \u2013 Anatomie eines Totalausfalls<\/span><\/h5><\/a>\t\t\t\t\t\t\t<div class=\"eut-small-text eut-post-meta\">\r\n\t\t\t\t\t\t\t\t\t\t<div class=\"eut-post-author\" itemprop=\"author\" itemscope=\"\" itemtype=\"http:\/\/schema.org\/Person\">\r\n\t\t\t<span>Von: <\/span><span itemprop=\"name\"><a href=\"https:\/\/www.gwr.co.at\/?author=1\" title=\"Beitr\u00e4ge von Simon Weikinger\" rel=\"author\">Simon Weikinger<\/a><\/span>\r\n\t\t<\/div>\r\n\t\t\t\t\t\t\t\t\t<time class=\"eut-post-date\" itemprop=\"datePublished\" datetime=\"2016-11-29T11:27:10+01:00\">\r\n\t\t29. November 2016\t<\/time>\r\n\t\t\t\t\t\t\t\t\t\t<div class=\"eut-like-counter\"><span class=\"fa fa-heart\"><\/span>4<\/div>\r\n\t\t\t\t\t\t\t<\/div>\r\n\t\t\t\t\t\t\t<div itemprop=\"articleBody\"><p>In den Jahren vor der Finanz- und Wirtschaftskrise wurden (nicht nur) in \u00d6sterreich fl\u00e4chendeckend Beteiligungen&hellip;<\/p><a class=\"eut-read-more\" href=\"https:\/\/www.gwr.co.at\/?p=7176\"><span>weiterlesen<\/span><\/a><\/div>\t\t\t\t\t\t<\/div>\r\n\t\t\t\t\t\r\n\t\t\t\t\t\t\t<\/article>\r\n\r\n\t\t\t<article id=\"post-7099\" class=\"eut-blog-item eut-small-post eut-non-isotope-item post-7099 post type-post status-publish format-standard has-post-thumbnail hentry category-allgemeines-zivilrecht category-rechtsprechung\" itemscope itemType=\"http:\/\/schema.org\/BlogPosting\">\r\n\t\t\t\t\t\t\t\t\t\t<meta itemprop=\"image\" content=\"https:\/\/www.gwr.co.at\/wp-content\/uploads\/2016\/08\/pexels-photo-45112.jpeg\"\/>\r\n\t\t<div class=\"eut-media eut-image-hover\">\r\n\t\t\t<a href=\"https:\/\/www.gwr.co.at\/?p=7099\"><img loading=\"lazy\" decoding=\"async\" width=\"800\" height=\"450\" src=\"https:\/\/www.gwr.co.at\/wp-content\/uploads\/2016\/08\/pexels-photo-45112-800x450.jpeg\" class=\"attachment-eut-image-small-rect-horizontal-wide size-eut-image-small-rect-horizontal-wide wp-post-image\" alt=\"\" srcset=\"https:\/\/www.gwr.co.at\/wp-content\/uploads\/2016\/08\/pexels-photo-45112-800x450.jpeg 800w, https:\/\/www.gwr.co.at\/wp-content\/uploads\/2016\/08\/pexels-photo-45112-1170x658.jpeg 1170w\" sizes=\"auto, (max-width: 800px) 100vw, 800px\" \/><\/a>\r\n\t\t<\/div>\r\n\r\n\t\t\t\t\t\t\t\t\t\t\t<div class=\"eut-post-content\">\r\n\t\t\t\t\t\t\t<a href=\"https:\/\/www.gwr.co.at\/?p=7099\" rel=\"bookmark\"><h5 class=\"eut-post-title\" itemprop=\"name headline\"><span>\u00c4nderung der Bankverbindung des Gl\u00e4ubigers vor F\u00e4lligkeit &#8211; Wer tr\u00e4gt die Gefahr?<\/span><\/h5><\/a>\t\t\t\t\t\t\t<div class=\"eut-small-text eut-post-meta\">\r\n\t\t\t\t\t\t\t\t\t\t<div class=\"eut-post-author\" itemprop=\"author\" itemscope=\"\" itemtype=\"http:\/\/schema.org\/Person\">\r\n\t\t\t<span>Von: <\/span><span itemprop=\"name\"><a href=\"https:\/\/www.gwr.co.at\/?author=1\" title=\"Beitr\u00e4ge von Simon Weikinger\" rel=\"author\">Simon Weikinger<\/a><\/span>\r\n\t\t<\/div>\r\n\t\t\t\t\t\t\t\t\t<time class=\"eut-post-date\" itemprop=\"datePublished\" datetime=\"2016-08-02T16:19:09+02:00\">\r\n\t\t2. August 2016\t<\/time>\r\n\t\t\t\t\t\t\t\t\t\t<div class=\"eut-like-counter\"><span class=\"fa fa-heart\"><\/span>2<\/div>\r\n\t\t\t\t\t\t\t<\/div>\r\n\t\t\t\t\t\t\t<div itemprop=\"articleBody\"><p>Mit dem im M\u00e4rz 2013 in Kraft getretenen Zahlungsverzugsgesetz wurden u.a. die Bestimmungen zur Geldschuld&hellip;<\/p><a class=\"eut-read-more\" href=\"https:\/\/www.gwr.co.at\/?p=7099\"><span>weiterlesen<\/span><\/a><\/div>\t\t\t\t\t\t<\/div>\r\n\t\t\t\t\t\r\n\t\t\t\t\t\t\t<\/article>\r\n\r\n\t\t\t<article id=\"post-7132\" class=\"eut-blog-item eut-small-post eut-non-isotope-item post-7132 post type-post status-publish format-standard has-post-thumbnail hentry category-allgemeines-zivilrecht category-unkategorisiert category-wirtschaftsrecht\" itemscope itemType=\"http:\/\/schema.org\/BlogPosting\">\r\n\t\t\t\t\t\t\t\t\t\t<meta itemprop=\"image\" content=\"https:\/\/www.gwr.co.at\/wp-content\/uploads\/2016\/08\/pexels-photo.jpg\"\/>\r\n\t\t<div class=\"eut-media eut-image-hover\">\r\n\t\t\t<a href=\"https:\/\/www.gwr.co.at\/?p=7132\"><img loading=\"lazy\" decoding=\"async\" width=\"800\" height=\"450\" src=\"https:\/\/www.gwr.co.at\/wp-content\/uploads\/2016\/08\/pexels-photo-800x450.jpg\" class=\"attachment-eut-image-small-rect-horizontal-wide size-eut-image-small-rect-horizontal-wide wp-post-image\" alt=\"\" srcset=\"https:\/\/www.gwr.co.at\/wp-content\/uploads\/2016\/08\/pexels-photo-800x450.jpg 800w, https:\/\/www.gwr.co.at\/wp-content\/uploads\/2016\/08\/pexels-photo-1170x658.jpg 1170w\" sizes=\"auto, (max-width: 800px) 100vw, 800px\" \/><\/a>\r\n\t\t<\/div>\r\n\r\n\t\t\t\t\t\t\t\t\t\t\t<div class=\"eut-post-content\">\r\n\t\t\t\t\t\t\t<a href=\"https:\/\/www.gwr.co.at\/?p=7132\" rel=\"bookmark\"><h5 class=\"eut-post-title\" itemprop=\"name headline\"><span>Neues Signatur- und Vertrauensdienstegesetz<\/span><\/h5><\/a>\t\t\t\t\t\t\t<div class=\"eut-small-text eut-post-meta\">\r\n\t\t\t\t\t\t\t\t\t\t<div class=\"eut-post-author\" itemprop=\"author\" itemscope=\"\" itemtype=\"http:\/\/schema.org\/Person\">\r\n\t\t\t<span>Von: <\/span><span itemprop=\"name\"><a href=\"https:\/\/www.gwr.co.at\/?author=2\" title=\"Beitr\u00e4ge von Georg Gradwohl\" rel=\"author\">Georg Gradwohl<\/a><\/span>\r\n\t\t<\/div>\r\n\t\t\t\t\t\t\t\t\t<time class=\"eut-post-date\" itemprop=\"datePublished\" datetime=\"2016-07-11T15:20:30+02:00\">\r\n\t\t11. Juli 2016\t<\/time>\r\n\t\t\t\t\t\t\t\t\t\t<div class=\"eut-like-counter\"><span class=\"fa fa-heart\"><\/span>1<\/div>\r\n\t\t\t\t\t\t\t<\/div>\r\n\t\t\t\t\t\t\t<div itemprop=\"articleBody\"><p>Mit der Signaturrichtlinie wurden zwar gemeinschaftliche Rahmenbedingungen f\u00fcr elektronische Signaturen festgelegt, ohne aber einen umfassenden&hellip;<\/p><a class=\"eut-read-more\" href=\"https:\/\/www.gwr.co.at\/?p=7132\"><span>weiterlesen<\/span><\/a><\/div>\t\t\t\t\t\t<\/div>\r\n\t\t\t\t\t\r\n\t\t\t\t\t\t\t<\/article>\r\n\r\n\t\t\t<\/div>\r\n<div class=\"eut-pagination\"><ul class='page-numbers'>\n\t<li><span aria-current=\"page\" class=\"page-numbers current\">1<\/span><\/li>\n\t<li><a class=\"page-numbers\" href=\"https:\/\/www.gwr.co.at\/index.php?rest_route=%2Fwp%2Fv2%2Fpages%2F6387&#038;paged=2\">2<\/a><\/li>\n\t<li><a class=\"page-numbers\" href=\"https:\/\/www.gwr.co.at\/index.php?rest_route=%2Fwp%2Fv2%2Fpages%2F6387&#038;paged=3\">3<\/a><\/li>\n\t<li><a class=\"next page-numbers\" href=\"https:\/\/www.gwr.co.at\/index.php?rest_route=%2Fwp%2Fv2%2Fpages%2F6387&#038;paged=2\"><i class=\"eut-icon-nav-right\"><\/i><\/a><\/li>\n<\/ul>\n<\/div>\t\t<\/div>\r\n[\/vc_column][\/vc_row]<\/p>\n","protected":false},"excerpt":{"rendered":"<p>[vc_row][vc_column][\/vc_column][\/vc_row]<\/p>\n","protected":false},"author":1,"featured_media":0,"parent":0,"menu_order":0,"comment_status":"closed","ping_status":"closed","template":"","meta":{"footnotes":""},"class_list":["post-6387","page","type-page","status-publish","hentry"],"_links":{"self":[{"href":"https:\/\/www.gwr.co.at\/index.php?rest_route=\/wp\/v2\/pages\/6387","targetHints":{"allow":["GET"]}}],"collection":[{"href":"https:\/\/www.gwr.co.at\/index.php?rest_route=\/wp\/v2\/pages"}],"about":[{"href":"https:\/\/www.gwr.co.at\/index.php?rest_route=\/wp\/v2\/types\/page"}],"author":[{"embeddable":true,"href":"https:\/\/www.gwr.co.at\/index.php?rest_route=\/wp\/v2\/users\/1"}],"replies":[{"embeddable":true,"href":"https:\/\/www.gwr.co.at\/index.php?rest_route=%2Fwp%2Fv2%2Fcomments&post=6387"}],"version-history":[{"count":2,"href":"https:\/\/www.gwr.co.at\/index.php?rest_route=\/wp\/v2\/pages\/6387\/revisions"}],"predecessor-version":[{"id":6394,"href":"https:\/\/www.gwr.co.at\/index.php?rest_route=\/wp\/v2\/pages\/6387\/revisions\/6394"}],"wp:attachment":[{"href":"https:\/\/www.gwr.co.at\/index.php?rest_route=%2Fwp%2Fv2%2Fmedia&parent=6387"}],"curies":[{"name":"wp","href":"https:\/\/api.w.org\/{rel}","templated":true}]}}