{"id":6451,"date":"2016-03-03T11:16:16","date_gmt":"2016-03-03T10:16:16","guid":{"rendered":"http:\/\/www.gwr.co.at\/?page_id=6451"},"modified":"2016-04-30T12:44:56","modified_gmt":"2016-04-30T10:44:56","slug":"honorar","status":"publish","type":"page","link":"https:\/\/www.gwr.co.at\/?page_id=6451","title":{"rendered":"Honorar"},"content":{"rendered":"<p>[vc_row section_id=&#8220;erstgespraech&#8220; padding_top=&#8220;0&#8243; padding_bottom=&#8220;0&#8243; margin_bottom=&#8220;0&#8243;][vc_column width=&#8220;1\/4&#8243;]<div class=\"eut-element eut-box-icon eut-align-left eut-small\" style=\"\">  <div class=\"eut-wrapper-icon eut-no-shape eut-color-grey\"><i class=\"entypo-icon entypo-icon-info-circled eut-color-primary-1\"><\/i><\/div>  <div class=\"eut-box-content\">      <h6 class=\"eut-box-title\">Anwaltshonorar verst\u00e4ndlich erkl\u00e4rt:<\/h6>  <\/div><\/div>[\/vc_column][vc_column width=&#8220;3\/4&#8243;][vc_tta_tour active_section=&#8220;50&#8243;][vc_tta_section title=&#8220;Unsere Grunds\u00e4tze&#8220; tab_id=&#8220;1457001519755-b07b74af-1869&#8243;][vc_column_text]<\/p>\n<p style=\"text-align: justify;\">Wir legen Wert auf eine transparente Honorargestaltung und eine umfassende Aufkl\u00e4rung \u00fcber m\u00f6gliche Honorarmodelle und Abrechnungsmodalit\u00e4ten. Klare Vereinbarungen gepaart mit einer m\u00f6glichst exakten Kostensch\u00e4tzung verhindern \u00dcberraschungen und sind die Basis f\u00fcr die Zufriedenheit unserer Mandanten.<\/p>\n<p>[\/vc_column_text][\/vc_tta_section][vc_tta_section title=&#8220;Erstgespr\u00e4ch&#8220; tab_id=&#8220;1457000998194-b9b0d00b-ed5f&#8220;][vc_column_text]<\/p>\n<p style=\"text-align: justify;\">Das anwaltliche <strong>Erstgespr\u00e4ch wird kostenlos angeboten<\/strong>, soweit es in der Folge zur Begr\u00fcndung eines Mandatsverh\u00e4ltnisses kommt. Kommt kein Mandatsverh\u00e4ltnis zustande, wird eine geringe pauschale Aufwandsentsch\u00e4digung in Rechnung gestellt.<br \/>\nIn besonderen F\u00e4llen, zB bei drohendem Fristvers\u00e4umnis, kann es erforderlich sein, dass bereits vor dem Erstgespr\u00e4ch eine weitgehend vollst\u00e4ndige Aufbereitung Ihres Rechtsproblems erfolgt. Sollte dies der Fall sein, setzen wir uns im Vorhinein mit Ihnen \u00fcber die Honorierung ins Einvernehmen.<\/p>\n<p>[\/vc_column_text][\/vc_tta_section][vc_tta_section title=&#8220;Vereinbarungssache&#8220; tab_id=&#8220;1457000998196-693a61db-ce6b&#8220;][vc_column_text]<\/p>\n<p style=\"text-align: justify;\">Grunds\u00e4tzlich wird die Mandatsvereinbarung in detaillierter Form schriftlich festgehalten. Darin werden<\/p>\n<ul>\n<li>das gew\u00e4hlte <strong>Honorarmodell<\/strong> (Rechtsanwaltstarif, Zeithonorar, Pauschalhonorar),<\/li>\n<li><strong>Abrechnungsweise<\/strong> (monatlich, nach Instanzen, nach Rechtskraft, sonstige Zwischenabrechnungen),<\/li>\n<li><strong>Zahlungsziele<\/strong> und<\/li>\n<li>sonstige <strong>Sonderregelungen<\/strong> \u2013 wie zB Fee Caps (Obergrenzen), Fee Warnings (Warnschwellen)<\/li>\n<\/ul>\n<p style=\"text-align: justify;\">fixiert. Unsere Erfahrung hat gezeigt, dass die gesetzlich vorgesehene Honorierung nach dem Rechtsanwaltstarif in vielen F\u00e4llen, zB in der laufenden Rechtsberatung und im Vertragswesen, zu unausgewogenen Ergebnissen f\u00fchrt. Wir sind daher bestrebt, gemeinsam mit unseren Mandanten ein f\u00fcr die spezielle Situation passendes Honorarmodell zu vereinbaren.<\/p>\n<p>[\/vc_column_text][\/vc_tta_section][vc_tta_section title=&#8220;Rechtsanwaltstarif&#8220; tab_id=&#8220;1457001088742-ecedc089-4253&#8243;][vc_column_text]<\/p>\n<p style=\"text-align: justify;\">Das Rechtsanwaltstarifgesetz (RATG) ist auf die anwaltlichen Leistungen in Zusammenhang mit gerichtlichen Verfahren zugeschnitten. Nach diesem Gesetz bestimmt sich auch der vom Gericht zugesprochene Kostenersatz, den der unterlegene Prozessgegner zu ersetzen hat.<\/p>\n<p style=\"text-align: justify;\">Im Einzelnen ist die Bestimmung des Honorars gem\u00e4\u00df RATG durchaus komplex. Anwaltliche Leistungen werden zun\u00e4chst katalogisiert und einer so genannten <strong>Tarifpost<\/strong> zugeordnet. So sind zB aufw\u00e4ndige Schrifts\u00e4tze und Verhandlungen mit Beweisaufnahmen nach Tarifpost 3A zu honorieren, w\u00e4hrend einige einfache Eingaben nach Tarifpost 1 zu honorieren sind. Das Honorar ergibt sich dann grunds\u00e4tzlich aus der Anwendung der Tarifpost auf die f\u00fcr die Sache ma\u00dfgebliche <strong>Bemessungsgrundlage<\/strong> (oft unscharf als \u201eStreitwert\u201c bezeichnet\u201c). Schlie\u00dflich kommt in vielen F\u00e4llen zu den Kosten noch Zuschlag f\u00fcr bestimmte Anwaltsleistungen hinzu. Hat ein Rechtsanwalt zum Beispiel eine Klage einzubringen, ist es vorher erforderlich, die Sache zu besprechen und Informationen einzuholen. Es m\u00fcssen Telefonate gef\u00fchrt sowie Briefe verfasst werden. Das auf solche Nebenleistungen entfallende \u201eTeilhonorar\u201c kann durch den <strong>Einheitssatz<\/strong> verrechnet werden.<\/p>\n<p>[\/vc_column_text]<div class=\"eut-element eut-message eut-bg-primary-1\" style=\"\">  <i class=\"eut-icon fa fa-hand-o-right\"><\/i>  <p>Abrechnung nach Tarif gilt auch dann, wenn zwischen Rechtsanwalt und Mandanten keine Honorarvereinbarung getroffen wurde. Bei einer solchen Abrechnung k\u00f6nnen Leistungen, die gesetzlich durch das Notariatstarifgesetz geregelt sind (zB Vertragserstellung oder letztwillige Verf\u00fcgungen), auch nach dem Notariatstarifgesetz abgerechnet werden.<\/p><\/div>[\/vc_tta_section][vc_tta_section title=&#8220;Zeithonorar&#8220; tab_id=&#8220;1457001090859-c4bee148-ef2b&#8220;][vc_column_text]<\/p>\n<p style=\"text-align: justify;\">Die moderne anwaltliche Beratungspraxis entwickelt sich immer mehr hin zu einer vorbeugenden Rechtsberatung. Gerade in Beratungsmandaten bietet der gesetzliche Anwaltstarif oftmals keine wirtschaftlich sinnvollen Ankn\u00fcpfungen und f\u00fchrt oft zu unbilligen Ergebnissen. So haben wir zB bereits mehrfach beobachten k\u00f6nnen, dass im Rahmen des Corporate Housekeepings bei h\u00f6her kapitalisierten Unternehmen als Bemessungsgrundlage f\u00fcr eher routinem\u00e4\u00dfige Firmenbucheingaben das Gesellschaftskapital herangezogen wurde, womit sich ein hoher Honorarsatz ergibt, der dem zeitlichen und inhaltlichen Arbeitsaufwand in keiner Weise entspricht. Andererseits kommt es bei Gerichtsverfahren mit &#8211; teils gesetzlich vorgegebenen &#8211; niedrigen fixen Bemessungsgrundlagen nach dem Anwaltstarif zu Honorars\u00e4tzen, die eine qualitativ hochwertige umfassende Vertretung unwirtschaftlich machen.<\/p>\n<p style=\"text-align: justify;\"><em><strong>Mit Vereinbarung eines Zeithonorars, d.h. Entlohnung auf Basis eines vereinbarten Stundensatzes, wird dem Mandanten nur die tats\u00e4chlich erbrachte Leistung verrechnet. Mit der Abrechnung wird eine vollst\u00e4ndige Einzelleistungsaufstellung \u00fcbermittelt. Damit besteht volle Kostenkontrolle und Transparenz.<\/strong><\/em><br \/>\nUnsere Zeithonorarmodelle enthalten attraktive Stundens\u00e4tze. Aufgrund unserer Spezialisierung und Erfahrung bearbeiten wir unsere Causen besonders effizient, womit f\u00fcr Mandanten die Gewissheit besteht, dass die verrechnete Anwaltszeit optimal genutzt wurde.<\/p>\n<p>[\/vc_column_text][\/vc_tta_section][vc_tta_section title=&#8220;Pauschalhonorar&#8220; tab_id=&#8220;1457001093584-acedf684-856e&#8220;][vc_column_text]<\/p>\n<p style=\"text-align: justify;\">Das Pauschalhonorar bietet den Vorteil, dass von Anfang an die H\u00f6he des Honorars bekannt ist und damit h\u00f6chste Planungssicherheit besteht. Soweit der zu erwartende Leistungsumfang vorab absch\u00e4tzbar ist bieten wir aufgrund unserer Erfahrungswerte bemessene pauschale Honorare an.<\/p>\n<blockquote><p>Pauschalhonorare sind etwa bei einfachen Gesellschafsgr\u00fcndungen, Markeneintragung, AGB-Erstellung oder \u00e4hnlichen Aufgabenstellung durchaus sinnvoll und \u00fcblich.<\/p><\/blockquote>\n<p style=\"text-align: justify;\">In gerichtlichen Auseinandersetzungen sind dagegen das Prozessverhalten des Gegners und die Art der Prozessleitung durch das Gericht selten vorhersehbar. Hier kann der anwaltliche Aufwand im Voraus nicht oder nur beschr\u00e4nkt eingesch\u00e4tzt werden.<\/p>\n<p>[\/vc_column_text][\/vc_tta_section][vc_tta_section title=&#8220;Erfolgshonorar&#8220; tab_id=&#8220;1457001094913-65d8d337-e744&#8243;][vc_column_text]<\/p>\n<p style=\"text-align: justify;\">Seit jeher ist es Rechtsanw\u00e4lten nach \u00f6sterreichischem Recht untersagt, sich die Streitsache zur G\u00e4nze oder teilweise als Honorar versprechen zu lassen. Zul\u00e4ssig und in der Praxis auch durchaus \u00fcblich sind besonders vereinbarte Erfolgshonorare, die nicht in einem Prozentsatz der erstrittenen Sache bestehen.\u00a0 Gerne er\u00f6rtern wir mit Ihnen, ob sich ein Erfolgshonorarmodell im jeweiligen Mandatsfall anbietet.<\/p>\n<p>[\/vc_column_text][\/vc_tta_section][vc_tta_section title=&#8220;Rechtschutzversicherung&#8220; tab_id=&#8220;1457001219492-c02a687a-4e66&#8243;][vc_column_text]<\/p>\n<p style=\"text-align: justify;\">Sollte eine Rechtsschutzversicherung vorhanden sein, <strong>\u00fcbernehmen wir die Anfrage bei der Versicherung<\/strong>, ob im konkreten Rechtsfall die Kosten von der Versicherung \u00fcbernommen werden. Nach Zusage der Versicherung, dass Versicherungsdeckung besteht und die Kosten \u00fcbernommen werden, k\u00f6nnen die Kosten direkt mit der Rechtsschutzversicherung verrechnet werden. Dadurch kann in vielen F\u00e4llen das gesamte Kostenrisiko (Rechtsanwaltskosten, Gerichtsgeb\u00fchren, Sachverst\u00e4ndigengeb\u00fchren, Zeugengeb\u00fchren) ausgeschaltet werden.<\/p>\n<p>Die Rechtsschutzversicherungen bieten <strong>freie Anwaltswahl<\/strong>. Sie brauchen Ihre Rechtsschutzversicherung nicht zu kontaktieren, bevor Sie Kontakt zu uns aufnehmen. Sie nennen uns das Versicherungsunternehmen und die Polizennummer, wir erledigen alles Weitere.[\/vc_column_text][\/vc_tta_section][vc_tta_section title=&#8220;Prozessfinanzierung&#8220; tab_id=&#8220;1457001223591-c5d5a822-edb9&#8243;][vc_column_text]<\/p>\n<p style=\"text-align: justify;\">Viele schrecken davor zur\u00fcck ihre Anspr\u00fcche gerichtlich geltend zu machen, wenn sie einem scheinbar \u00fcberlegenen Gegner gegen\u00fcberstehen, der die Zahlung verweigert.<\/p>\n<h4>Gr\u00fcnde<\/h4>\n<p style=\"text-align: justify;\">Oft besteht die Frage, ob man es sich neben dem vorenthaltenen Anspruch leisten kann noch in teure Prozesskosten zu investieren, Geld f\u00fcr den eigenen Anwalt und Sachverst\u00e4ndige aufzubringen und noch dazu das Risiko einzugehen im Fall des Prozessverlusts Prozesskostenersatz leisten zu m\u00fcssen. Prozessfinanzierung bietet eine L\u00f6sung f\u00fcr diese Problematik an.<\/p>\n<h4 style=\"text-align: justify;\">Ausgangslage<\/h4>\n<p style=\"text-align: justify;\">Mehrere Prozesskostenfinanzierungsgesellschaften finanzieren Prozesse in \u00d6sterreich. Neben einem Prozesskostenfinanzierer aus \u00d6sterreich sind dies haupts\u00e4chlich Prozessfinanzierungsgesellschaften aus Deutschland.<br \/>\nSie verf\u00fcgen \u00fcber einen berechtigten Anspruch ab EUR 100.000,- und z\u00f6gern Ihre Forderung einzuklagen. Sie schlie\u00dfen mit einer Prozessfinanzierungsgesellschaft einen Vertrag, dieser \u00fcbernimmt die Prozessfinanzierung. Das bedeutet, der Prozesskostenfinanzierer \u00fcbernimmt unsere Kosten, finanziert allenfalls private Sachverst\u00e4ndigengutachten, um Ihre Anspr\u00fcche zu untermauern, alle Gerichtsgeb\u00fchren, alle gerichtlichen Sachverst\u00e4ndigengeb\u00fchren und falls Sie den Prozess verlieren und dem Gegner kostenersatzpflichtig werden sollten, auch dessen Kosten.<\/p>\n<h4>Kosten<\/h4>\n<p style=\"text-align: justify;\">Prozessfinanzierungsgesellschaften fordern im Regelfall einen Anteil vom ersiegten \u00a0und einbringlich gemachten Betrag.<br \/>\nVereinbaren Sie mit unsrer Kanzlei einen Besprechungstermin zu einem Erstgespr\u00e4ch, in dem sondiert wird, ob sich Ihr Anspruch grunds\u00e4tzlich zur Prozesssfinanzierung eignet. In diesem Fall beauftragen Sie uns mit der detaillierten rechtlichen Auseinandersetzung und Aufarbeitung des Sachverhaltes. Dies ist erforderlich, um eine Zusage von einem Prozesskostenfinanzierer zu erhalten. Diesen Abschnitt unserer T\u00e4tigkeit m\u00fcssen wir Ihnen verrechnen.<br \/>\nDanach suchen wir f\u00fcr Sie die passende Prozesskostenfinanzierungsgesellschaft und tragen dieser Ihren Fall vor. In vielen F\u00e4llen wird Ihnen dann von dieser ein Angebot gestellt zu welchen wirtschaftlichen Bedingungen sie die Finanzierung sichrer Causa \u00fcbernimmt.<br \/>\nSobald ein Prozessfinanzierungsvetrag zustande gekommen ist, tr\u00e4gt der Prozesskostenfinanzierer alle weiteren Kosten.<\/p>\n<p>[\/vc_column_text][\/vc_tta_section][\/vc_tta_tour][\/vc_column][\/vc_row]<\/p>\n","protected":false},"excerpt":{"rendered":"<p>[vc_row section_id=&#8220;erstgespraech&#8220; padding_top=&#8220;0&#8243; padding_bottom=&#8220;0&#8243; margin_bottom=&#8220;0&#8243;][vc_column width=&#8220;1\/4&#8243;][\/vc_column][vc_column width=&#8220;3\/4&#8243;][vc_tta_tour active_section=&#8220;50&#8243;][vc_tta_section title=&#8220;Unsere Grunds\u00e4tze&#8220; tab_id=&#8220;1457001519755-b07b74af-1869&#8243;][vc_column_text] Wir legen Wert auf eine transparente Honorargestaltung und eine umfassende Aufkl\u00e4rung \u00fcber m\u00f6gliche Honorarmodelle und Abrechnungsmodalit\u00e4ten. Klare Vereinbarungen gepaart mit einer m\u00f6glichst exakten Kostensch\u00e4tzung verhindern \u00dcberraschungen und sind die Basis f\u00fcr die Zufriedenheit unserer Mandanten. [\/vc_column_text][\/vc_tta_section][vc_tta_section title=&#8220;Erstgespr\u00e4ch&#8220; tab_id=&#8220;1457000998194-b9b0d00b-ed5f&#8220;][vc_column_text] Das anwaltliche Erstgespr\u00e4ch wird kostenlos angeboten, [&hellip;]<\/p>\n","protected":false},"author":1,"featured_media":0,"parent":0,"menu_order":0,"comment_status":"closed","ping_status":"closed","template":"","meta":{"footnotes":""},"class_list":["post-6451","page","type-page","status-publish","hentry"],"_links":{"self":[{"href":"https:\/\/www.gwr.co.at\/index.php?rest_route=\/wp\/v2\/pages\/6451","targetHints":{"allow":["GET"]}}],"collection":[{"href":"https:\/\/www.gwr.co.at\/index.php?rest_route=\/wp\/v2\/pages"}],"about":[{"href":"https:\/\/www.gwr.co.at\/index.php?rest_route=\/wp\/v2\/types\/page"}],"author":[{"embeddable":true,"href":"https:\/\/www.gwr.co.at\/index.php?rest_route=\/wp\/v2\/users\/1"}],"replies":[{"embeddable":true,"href":"https:\/\/www.gwr.co.at\/index.php?rest_route=%2Fwp%2Fv2%2Fcomments&post=6451"}],"version-history":[{"count":15,"href":"https:\/\/www.gwr.co.at\/index.php?rest_route=\/wp\/v2\/pages\/6451\/revisions"}],"predecessor-version":[{"id":6738,"href":"https:\/\/www.gwr.co.at\/index.php?rest_route=\/wp\/v2\/pages\/6451\/revisions\/6738"}],"wp:attachment":[{"href":"https:\/\/www.gwr.co.at\/index.php?rest_route=%2Fwp%2Fv2%2Fmedia&parent=6451"}],"curies":[{"name":"wp","href":"https:\/\/api.w.org\/{rel}","templated":true}]}}