{"id":6543,"date":"2016-03-09T11:30:39","date_gmt":"2016-03-09T10:30:39","guid":{"rendered":"http:\/\/www.gwr.co.at\/?page_id=6543"},"modified":"2016-04-30T13:03:21","modified_gmt":"2016-04-30T11:03:21","slug":"unternehmenstransaktionen","status":"publish","type":"page","link":"https:\/\/www.gwr.co.at\/?page_id=6543","title":{"rendered":"Unternehmenstransaktionen"},"content":{"rendered":"<p>[vc_row header_feature=&#8220;yes&#8220; footer_feature=&#8220;yes&#8220; padding_top=&#8220;60&#8243; padding_bottom=&#8220;60&#8243; margin_bottom=&#8220;0&#8243; section_id=&#8220;arzthaftung&#8220;][vc_column width=&#8220;1\/3&#8243;]<div class=\"eut-element eut-box-icon eut-align-left eut-large\" style=\"\">  <div class=\"eut-wrapper-icon eut-no-shape eut-color-grey\"><i class=\"entypo-icon entypo-icon-target eut-color-primary-1\"><\/i><\/div>  <div class=\"eut-box-content\">    <p class=\"\">Wir haben umfassende Erfahrung als rechtlicher Berater in nationalen und internationalen M&#038;A Transaktionen. <\/p>  <\/div><\/div>[\/vc_column][vc_column width=&#8220;2\/3&#8243;][vc_tta_tabs][vc_tta_section title=&#8220;M&#038;A Beratung bei Ihrem Unternehmenskauf \/-verkauf&#8220; tab_id=&#8220;1459856704457-4607373c-f322&#8243;][vc_empty_space][vc_column_text]<\/p>\n<p style=\"text-align: justify;\">Wir verf\u00fcgen \u00fcber umfassende Erfahrung in der Beratung von K\u00e4ufer- und Verk\u00e4uferseite in nationalen und internationalen Unternehmenstransaktionen. Unsere Erfahrung reicht dabei bis hin zur Datenraumaufbereitung und -administration in strukturieren Bieterverfahren auf gesicherten elektronischem Weg. Je nach Ihren Anforderungen gestalten wir eine <strong>Due Diligence<\/strong> mit optimalem Kosten-Nutzen Verh\u00e4ltnis.<\/p>\n<p style=\"text-align: justify;\">Als konstruktive aber in der Sache harte Verhandler unterst\u00fctzen wir Sie nicht nur bei der Ermittlung der richtigen Dealstruktur, sondern auch und besonders bei der eigentlichen <strong>Vertragsverhandlung<\/strong>.<\/p>\n<p style=\"text-align: justify;\">Unabh\u00e4ngig davon wie eine Transaktion formell strukturiert wird ist eine fundierte Kenntnis des vom Zielobjekt gef\u00fchrten Unternehmens bzw der Besonderheiten der betroffenen Branche erforderlich. In unserem bisherigen Track-Record finden sich u.a folgende Branchen:<\/p>\n<ul>\n<li>Projektentwicklungsgesellschaften im Bereich des Fachmarktzentren-Einzelhandels<\/li>\n<li>Projektentwicklungs- und Betreibergesellschaften im Bereich der erneuerbaren Energie (Windkraft)<\/li>\n<li>Ziviltechnikergesellschaft mit Spezialisierung im internationalen Tunnelbau<\/li>\n<li>Internetstartupunternehmen (Schwerpunkt auf IT und Datenschutzrecht)<\/li>\n<li>Schwerindustrie und Chemie<\/li>\n<\/ul>\n<p>[\/vc_column_text][\/vc_tta_section][\/vc_tta_tabs][\/vc_column][\/vc_row]<\/p>\n","protected":false},"excerpt":{"rendered":"<p>[vc_row header_feature=&#8220;yes&#8220; footer_feature=&#8220;yes&#8220; padding_top=&#8220;60&#8243; padding_bottom=&#8220;60&#8243; margin_bottom=&#8220;0&#8243; section_id=&#8220;arzthaftung&#8220;][vc_column width=&#8220;1\/3&#8243;][\/vc_column][vc_column width=&#8220;2\/3&#8243;][vc_tta_tabs][vc_tta_section title=&#8220;M&#038;A Beratung bei Ihrem Unternehmenskauf \/-verkauf&#8220; tab_id=&#8220;1459856704457-4607373c-f322&#8243;][vc_empty_space][vc_column_text] Wir verf\u00fcgen \u00fcber umfassende Erfahrung in der Beratung von K\u00e4ufer- und Verk\u00e4uferseite in nationalen und internationalen Unternehmenstransaktionen. Unsere Erfahrung reicht dabei bis hin zur Datenraumaufbereitung und -administration in strukturieren Bieterverfahren auf gesicherten elektronischem Weg. Je nach Ihren Anforderungen gestalten [&hellip;]<\/p>\n","protected":false},"author":1,"featured_media":0,"parent":0,"menu_order":0,"comment_status":"closed","ping_status":"closed","template":"","meta":{"footnotes":""},"class_list":["post-6543","page","type-page","status-publish","hentry"],"_links":{"self":[{"href":"https:\/\/www.gwr.co.at\/index.php?rest_route=\/wp\/v2\/pages\/6543","targetHints":{"allow":["GET"]}}],"collection":[{"href":"https:\/\/www.gwr.co.at\/index.php?rest_route=\/wp\/v2\/pages"}],"about":[{"href":"https:\/\/www.gwr.co.at\/index.php?rest_route=\/wp\/v2\/types\/page"}],"author":[{"embeddable":true,"href":"https:\/\/www.gwr.co.at\/index.php?rest_route=\/wp\/v2\/users\/1"}],"replies":[{"embeddable":true,"href":"https:\/\/www.gwr.co.at\/index.php?rest_route=%2Fwp%2Fv2%2Fcomments&post=6543"}],"version-history":[{"count":6,"href":"https:\/\/www.gwr.co.at\/index.php?rest_route=\/wp\/v2\/pages\/6543\/revisions"}],"predecessor-version":[{"id":6749,"href":"https:\/\/www.gwr.co.at\/index.php?rest_route=\/wp\/v2\/pages\/6543\/revisions\/6749"}],"wp:attachment":[{"href":"https:\/\/www.gwr.co.at\/index.php?rest_route=%2Fwp%2Fv2%2Fmedia&parent=6543"}],"curies":[{"name":"wp","href":"https:\/\/api.w.org\/{rel}","templated":true}]}}