{"id":6547,"date":"2016-03-09T11:42:36","date_gmt":"2016-03-09T10:42:36","guid":{"rendered":"http:\/\/www.gwr.co.at\/?page_id=6547"},"modified":"2016-04-30T13:10:08","modified_gmt":"2016-04-30T11:10:08","slug":"arbeitsrecht-mitarbeiterbeteiligung","status":"publish","type":"page","link":"https:\/\/www.gwr.co.at\/?page_id=6547","title":{"rendered":"Arbeitsrecht | Mitarbeiterbeteiligung"},"content":{"rendered":"<p>[vc_row header_feature=&#8220;yes&#8220; footer_feature=&#8220;yes&#8220; padding_top=&#8220;60&#8243; padding_bottom=&#8220;60&#8243; margin_bottom=&#8220;0&#8243; section_id=&#8220;arzthaftung&#8220;][vc_column width=&#8220;1\/3&#8243;]<div class=\"eut-element eut-box-icon eut-align-left eut-large\" style=\"\">  <div class=\"eut-wrapper-icon eut-no-shape eut-color-grey\"><i class=\"fa fa-cogs eut-color-primary-1\"><\/i><\/div>  <div class=\"eut-box-content\">    <p class=\"\">Arbeitsrechtliche Beratung und Vertretung vor dem Arbeitsgericht f\u00fcr Arbeitgeber. Unser besonderes Anliegen ist eine streitpr\u00e4ventive Arbeitsvertragspraxis.<\/p>  <\/div><\/div>[\/vc_column][vc_column width=&#8220;2\/3&#8243;][vc_tta_tabs][vc_tta_section title=&#8220;Arbeitsvertrag&#8220; tab_id=&#8220;1457446618314-a724eff2-f507&#8243;][vc_empty_space][vc_column_text]<\/p>\n<p style=\"text-align: justify;\">Unsere arbeitsvertragliche Praxis reicht von der Erstellung und laufenden Wartung von Musterdienstvertr\u00e4gen f\u00fcr Arbeiter, Angestellte und leitende Angestellte, bis zur individuellen Ausgestaltung von Gesch\u00e4ftsf\u00fchrerdienstvertr\u00e4gen. Wir legen dabei h\u00f6chsten Wert auf klare und unmissverst\u00e4ndliche Regelungen und ber\u00fccksichtigen die besondere Erfordernisse der jeweiligen betrieblichen Organisation. Einige Kernbereiche der arbeitsvertraglichen Beratung sind:<\/p>\n<ul>\n<li style=\"text-align: justify;\">All-in Klauseln, \u00dcberstundenpauschalen<\/li>\n<li style=\"text-align: justify;\">Arbeitszeitregelungen, Gleitzeitregelungen<\/li>\n<li style=\"text-align: justify;\">Pr\u00e4mien- und Gewinnbeteiligungsmodelle<\/li>\n<li style=\"text-align: justify;\">Konkurrenzklauseln, Geheimhaltungsvereinbarungen<\/li>\n<\/ul>\n<p>[\/vc_column_text][\/vc_tta_section][vc_tta_section title=&#8220;Lfd. Dienstverh\u00e4ltnis&#8220; tab_id=&#8220;1457446618317-a7341110-3075&#8243;][vc_empty_space][vc_column_text]<\/p>\n<p style=\"text-align: justify;\">Bei Verletzungen von dienstvertraglichen Verpflichtungen des Arbeitnehmers im laufenden Dienstverh\u00e4ltnis stehen wir jederzeit kurzfristig f\u00fcr die rechtliche Einsch\u00e4tzung m\u00f6glicher oder gar verpflichtender rechtlicher Ma\u00dfnahmen zur Verf\u00fcgung. Damit bleibt dem Arbeitgeber der gesetzliche und vertragliche Handlungsspielraum gewahrt. Im Zusammenhang mit Diskriminierungsvorw\u00fcrfen oder vorgeworfenem Mobbing bzw Ungleichbehandlung begleiten wir den Arbeitgeber, um ein gesetzeskonformes Vorgehen zu gew\u00e4hrleisten und alle Vorg\u00e4ngen angemessen zu dokumentieren.<\/p>\n<p>[\/vc_column_text][\/vc_tta_section][vc_tta_section title=&#8220;Beendigung&#8220; tab_id=&#8220;1457446618322-a30daee6-add0&#8243;][vc_empty_space][vc_column_text]Im Zuge der Beendigung von Dienstverh\u00e4ltnissen sind zahlreiche rechtliche Problemstellungen zu meistern, um anschlie\u00dfende Auseinandersetzungen vor dem Arbeitsgericht zu verhindern. Das beginnt beim Verbrauch von Zeitguthaben und Urlaubsansp\u00fcchen und geht \u00fcber die Klarstellung nachvertraglicher Verpflichtungen, R\u00fcckgabe- und Vertraulichkeitsverpflichtungen. Wir unterst\u00fctzen Arbeitgeber bei der Formulierung von K\u00fcndigungs- und Entlassungsschreiben oder setzten eine einvernehmliche Endigungsvereinbarung auf.[\/vc_column_text][\/vc_tta_section][vc_tta_section title=&#8220;Mitarbeiterbeteiligung&#8220; tab_id=&#8220;1457686506420-cc65f0a4-7a23&#8243;][vc_empty_space][vc_column_text]<\/p>\n<p style=\"text-align: justify;\">Mitarbeiterbeteiligungsmodell k\u00f6nnen in verschiedener Form gestaltet sein, die Varianten reichen von reinen Erfolgsbeteiligungen bis hin zu Kapitalbeteiligungen, die einen Anteil am laufenden Ergebnis, am Verm\u00f6gen und gegebenenfalls auch an den stillen Reserven des Unternehmens einr\u00e4umen.<br \/>\nDie Beteiligung kann f\u00fcr den Mitarbeiter einen Anreiz zu eigenverantwortlichem Handeln darstellen. Sie steigert die Motivation und bewirkt eine st\u00e4rkere Identifikation mit dem Unternehmen. Andererseits er\u00f6ffnet sich damit gerade f\u00fcr kleine und mittlere Betriebe auch eine kosteng\u00fcnstige Alternative zu den herk\u00f6mmlichen Finanzierungsformen.<\/p>\n<blockquote>\n<p style=\"text-align: justify;\">Wir gestalten zusammen mit der steuerlichen Vertretung unserer Mandanten optimale Beteiligungsmodelle f\u00fcr Mitarbeiter.<\/p>\n<\/blockquote>\n<p>[\/vc_column_text][\/vc_tta_section][\/vc_tta_tabs][\/vc_column][\/vc_row]<\/p>\n","protected":false},"excerpt":{"rendered":"<p>[vc_row header_feature=&#8220;yes&#8220; footer_feature=&#8220;yes&#8220; padding_top=&#8220;60&#8243; padding_bottom=&#8220;60&#8243; margin_bottom=&#8220;0&#8243; section_id=&#8220;arzthaftung&#8220;][vc_column width=&#8220;1\/3&#8243;][\/vc_column][vc_column width=&#8220;2\/3&#8243;][vc_tta_tabs][vc_tta_section title=&#8220;Arbeitsvertrag&#8220; tab_id=&#8220;1457446618314-a724eff2-f507&#8243;][vc_empty_space][vc_column_text] Unsere arbeitsvertragliche Praxis reicht von der Erstellung und laufenden Wartung von Musterdienstvertr\u00e4gen f\u00fcr Arbeiter, Angestellte und leitende Angestellte, bis zur individuellen Ausgestaltung von Gesch\u00e4ftsf\u00fchrerdienstvertr\u00e4gen. Wir legen dabei h\u00f6chsten Wert auf klare und unmissverst\u00e4ndliche Regelungen und ber\u00fccksichtigen die besondere Erfordernisse der jeweiligen betrieblichen Organisation. Einige [&hellip;]<\/p>\n","protected":false},"author":1,"featured_media":0,"parent":0,"menu_order":0,"comment_status":"closed","ping_status":"closed","template":"","meta":{"footnotes":""},"class_list":["post-6547","page","type-page","status-publish","hentry"],"_links":{"self":[{"href":"https:\/\/www.gwr.co.at\/index.php?rest_route=\/wp\/v2\/pages\/6547","targetHints":{"allow":["GET"]}}],"collection":[{"href":"https:\/\/www.gwr.co.at\/index.php?rest_route=\/wp\/v2\/pages"}],"about":[{"href":"https:\/\/www.gwr.co.at\/index.php?rest_route=\/wp\/v2\/types\/page"}],"author":[{"embeddable":true,"href":"https:\/\/www.gwr.co.at\/index.php?rest_route=\/wp\/v2\/users\/1"}],"replies":[{"embeddable":true,"href":"https:\/\/www.gwr.co.at\/index.php?rest_route=%2Fwp%2Fv2%2Fcomments&post=6547"}],"version-history":[{"count":4,"href":"https:\/\/www.gwr.co.at\/index.php?rest_route=\/wp\/v2\/pages\/6547\/revisions"}],"predecessor-version":[{"id":6752,"href":"https:\/\/www.gwr.co.at\/index.php?rest_route=\/wp\/v2\/pages\/6547\/revisions\/6752"}],"wp:attachment":[{"href":"https:\/\/www.gwr.co.at\/index.php?rest_route=%2Fwp%2Fv2%2Fmedia&parent=6547"}],"curies":[{"name":"wp","href":"https:\/\/api.w.org\/{rel}","templated":true}]}}