{"id":6563,"date":"2016-03-09T11:56:17","date_gmt":"2016-03-09T10:56:17","guid":{"rendered":"http:\/\/www.gwr.co.at\/?page_id=6563"},"modified":"2016-04-30T13:58:12","modified_gmt":"2016-04-30T11:58:12","slug":"alternative-streitbeilegung","status":"publish","type":"page","link":"https:\/\/www.gwr.co.at\/?page_id=6563","title":{"rendered":"Alternative Streitbeilegung"},"content":{"rendered":"<p>[vc_row header_feature=&#8220;yes&#8220; footer_feature=&#8220;yes&#8220; padding_top=&#8220;60&#8243; padding_bottom=&#8220;60&#8243; margin_bottom=&#8220;0&#8243; section_id=&#8220;arzthaftung&#8220;][vc_column width=&#8220;1\/3&#8243;]<div class=\"eut-element eut-box-icon eut-align-left eut-large\" style=\"\">  <div class=\"eut-wrapper-icon eut-no-shape eut-color-grey\"><i class=\"entypo-icon entypo-icon-leaf eut-color-primary-1\"><\/i><\/div>  <div class=\"eut-box-content\">    <p class=\"\">Manchmal bewirken gerichtliche Auseinandersetzungen das Gegenteil einer eigentlich gew\u00fcnschten raschen und verbindlichen Kl\u00e4rung. Alternative Formen der Streitbeilegung gewinnen immer mehr an Gewicht.<\/p>  <\/div><\/div>[\/vc_column][vc_column width=&#8220;2\/3&#8243;][vc_tta_tabs][vc_tta_section title=&#8220;Wirtschaftsmediation&#8220; tab_id=&#8220;1457446618314-a724eff2-f507&#8243;][vc_empty_space][vc_column_text]<\/p>\n<p style=\"text-align: justify;\">Wirtschaftsmediation kommt sowohl in inner- als auch im zwischenbetrieblichen Konflikten, beispielsweise bei Mobbingproblemen, Gesellschafterstreit oder Zahlungsstreitigkeiten in Frage. F\u00fcr einen m\u00f6glichst effizienten und reibungslosen Ablauf kann die Wirtschaftsmediation auch begleitend bei gro\u00dfen Projekten und Change-Management-Prozessen eingesetzt werden. In \u00d6sterreich ist das Zivilrechts-Mediations-Gesetz (ZivMediatG) die rechtliche Basis f\u00fcr Wirtschaftsmediation.<\/p>\n<p style=\"text-align: justify;\">Wir beraten und vertreten im Zusammenhang mit der Frage, ob eine Mediation in Ihrem Fall sinnvoll ist. Wir pr\u00fcfen f\u00fcr Sie die Mediationsvereinbarung und begleiten Sie &#8211; wenn im Mediationsprogramm vorgesehen &#8211; bei Mediationssitzungen bzw. dienen als (zus\u00e4tzliche) Ansprechperson f\u00fcr das Mediatorenteam bzw den Mediator.<\/p>\n<p>[\/vc_column_text][\/vc_tta_section][vc_tta_section title=&#8220;Verbrauchersachen&#8220; tab_id=&#8220;1457446618317-a7341110-3075&#8243;][vc_empty_space][vc_column_text]<\/p>\n<p style=\"text-align: justify;\">Aufgrund der Umsetzung einer EU-Richtlinie trat mit 09. J\u00e4nner 2016 das Alternative-Streitbeilegung-Gesetz (AStG) in Kraft, nachdem sich Unternehmer und Konsumenten anstelle eines Gerichtsverfahrens freiwillig auch einem alternativen Streitbeilegungsverfahren unterziehen k\u00f6nnen. Ein derartiges Verfahren kann nur durch den Verbraucher eingeleitet werden! Grunds\u00e4tzlich sind alle Streitigkeiten zwischen Unternehmern und Verbrauchern \u00fcber entgeltliche Vertr\u00e4ge \u00fcber Waren und Dienstleistungen erfasst. Derzeit stehen folgende Schlichtungsstellen zur Verf\u00fcgung:<\/p>\n<ul>\n<li>Schlichtungsstelle der Energie-Control-Austria<\/li>\n<li>Telekom-Schlichtungsstelle der Rundfunk und Telekom Regulierungs-GmbH<\/li>\n<li>Post-Schlichtungsstelle der Rundfunk und Telekom Regulierungs-GmbH<\/li>\n<li>Agentur f\u00fcr Passagier- und Fahrgastrechte<\/li>\n<li>Gemeinsame Schlichtungsstelle der \u00d6sterreichischen Kreditwirtschaft<\/li>\n<li>Internet Ombudsmann (Webshops bzw. Online)<\/li>\n<li>Ombudsstelle Fertighaus<\/li>\n<li>Schlichtung f\u00fcr Verbrauchergesch\u00e4fte (alle Verbrauchergesch\u00e4fte)<\/li>\n<\/ul>\n<p style=\"text-align: justify;\">Wir beraten unsere Mandanten \u00fcber die Vor- und Nachteile solcher Schlichtungsverfahren. Kommt ein Schlichtungsverfahren in Frage f\u00fchren wir Verbraucher durch das Verfahren.<\/p>\n<p>[\/vc_column_text][\/vc_tta_section][\/vc_tta_tabs][\/vc_column][\/vc_row]<\/p>\n","protected":false},"excerpt":{"rendered":"<p>[vc_row header_feature=&#8220;yes&#8220; footer_feature=&#8220;yes&#8220; padding_top=&#8220;60&#8243; padding_bottom=&#8220;60&#8243; margin_bottom=&#8220;0&#8243; section_id=&#8220;arzthaftung&#8220;][vc_column width=&#8220;1\/3&#8243;][\/vc_column][vc_column width=&#8220;2\/3&#8243;][vc_tta_tabs][vc_tta_section title=&#8220;Wirtschaftsmediation&#8220; tab_id=&#8220;1457446618314-a724eff2-f507&#8243;][vc_empty_space][vc_column_text] Wirtschaftsmediation kommt sowohl in inner- als auch im zwischenbetrieblichen Konflikten, beispielsweise bei Mobbingproblemen, Gesellschafterstreit oder Zahlungsstreitigkeiten in Frage. F\u00fcr einen m\u00f6glichst effizienten und reibungslosen Ablauf kann die Wirtschaftsmediation auch begleitend bei gro\u00dfen Projekten und Change-Management-Prozessen eingesetzt werden. In \u00d6sterreich ist das Zivilrechts-Mediations-Gesetz (ZivMediatG) die [&hellip;]<\/p>\n","protected":false},"author":1,"featured_media":0,"parent":0,"menu_order":0,"comment_status":"closed","ping_status":"closed","template":"","meta":{"footnotes":""},"class_list":["post-6563","page","type-page","status-publish","hentry"],"_links":{"self":[{"href":"https:\/\/www.gwr.co.at\/index.php?rest_route=\/wp\/v2\/pages\/6563","targetHints":{"allow":["GET"]}}],"collection":[{"href":"https:\/\/www.gwr.co.at\/index.php?rest_route=\/wp\/v2\/pages"}],"about":[{"href":"https:\/\/www.gwr.co.at\/index.php?rest_route=\/wp\/v2\/types\/page"}],"author":[{"embeddable":true,"href":"https:\/\/www.gwr.co.at\/index.php?rest_route=\/wp\/v2\/users\/1"}],"replies":[{"embeddable":true,"href":"https:\/\/www.gwr.co.at\/index.php?rest_route=%2Fwp%2Fv2%2Fcomments&post=6563"}],"version-history":[{"count":4,"href":"https:\/\/www.gwr.co.at\/index.php?rest_route=\/wp\/v2\/pages\/6563\/revisions"}],"predecessor-version":[{"id":6763,"href":"https:\/\/www.gwr.co.at\/index.php?rest_route=\/wp\/v2\/pages\/6563\/revisions\/6763"}],"wp:attachment":[{"href":"https:\/\/www.gwr.co.at\/index.php?rest_route=%2Fwp%2Fv2%2Fmedia&parent=6563"}],"curies":[{"name":"wp","href":"https:\/\/api.w.org\/{rel}","templated":true}]}}