{"id":6629,"date":"2016-03-17T13:06:23","date_gmt":"2016-03-17T12:06:23","guid":{"rendered":"http:\/\/www.gwr.co.at\/?page_id=6629"},"modified":"2016-03-17T13:10:53","modified_gmt":"2016-03-17T12:10:53","slug":"sachenrecht","status":"publish","type":"page","link":"https:\/\/www.gwr.co.at\/?page_id=6629","title":{"rendered":"Sachenrecht"},"content":{"rendered":"<p>[vc_row header_feature=&#8220;yes&#8220; footer_feature=&#8220;yes&#8220; padding_top=&#8220;60&#8243; padding_bottom=&#8220;60&#8243; margin_bottom=&#8220;0&#8243; section_id=&#8220;arzthaftung&#8220;][vc_column width=&#8220;1\/3&#8243;]<div class=\"eut-element eut-box-icon eut-align-left eut-large\" style=\"\">  <div class=\"eut-wrapper-icon eut-no-shape eut-color-grey\"><i class=\"fa fa-gavel eut-color-primary-1\"><\/i><\/div>  <div class=\"eut-box-content\">    <p class=\"\">Sachenrechtliche Beratung und Vertretung mit Schwerpunkt auf dinglichen Sicherheiten<\/p>  <\/div><\/div>[\/vc_column][vc_column width=&#8220;2\/3&#8243;][vc_tta_tabs][vc_tta_section title=&#8220;Kreditsicherung&#8220; tab_id=&#8220;1457446618314-a724eff2-f507&#8243;][vc_empty_space][vc_column_text]Wir beraten Banken, Unternehmen und Private bei kreditsicherungsrechtlichen Fragestellungen z.B. im Zusammenhang mit Zahlungsausf\u00e4llen, f\u00fchren Hypothekarprozesse und verwerten oder sichern Pfandrechte.[\/vc_column_text][\/vc_tta_section][vc_tta_section title=&#8220;L\u00f6schungsprozesse&#8220; tab_id=&#8220;1457446618317-a7341110-3075&#8243;][vc_empty_space][vc_column_text]Wir verf\u00fcgen \u00fcber Expertise im Grundbuchsrecht und vertreten \u00fcbergangene Liegenschaftseigent\u00fcmer in L\u00f6schungsprozessen.[\/vc_column_text][\/vc_tta_section][vc_tta_section title=&#8220;Nachbarschaftsrecht&#8220; tab_id=&#8220;1457446618322-a30daee6-add0&#8243;][vc_empty_space][vc_column_text]Wir vertreten Liegenschafts- und Hauseigent\u00fcmer bei der Geltendmachung\/Abwehr nachbarschaftsrechtlicher oder immissionsschutzrechtlicher Anspr\u00fcche und beraten diese bei Bau- und Grenzstreitigkeiten.[\/vc_column_text][\/vc_tta_section][\/vc_tta_tabs][\/vc_column][\/vc_row]<\/p>\n","protected":false},"excerpt":{"rendered":"<p>[vc_row header_feature=&#8220;yes&#8220; footer_feature=&#8220;yes&#8220; padding_top=&#8220;60&#8243; padding_bottom=&#8220;60&#8243; margin_bottom=&#8220;0&#8243; section_id=&#8220;arzthaftung&#8220;][vc_column width=&#8220;1\/3&#8243;][\/vc_column][vc_column width=&#8220;2\/3&#8243;][vc_tta_tabs][vc_tta_section title=&#8220;Kreditsicherung&#8220; tab_id=&#8220;1457446618314-a724eff2-f507&#8243;][vc_empty_space][vc_column_text]Wir beraten Banken, Unternehmen und Private bei kreditsicherungsrechtlichen Fragestellungen z.B. im Zusammenhang mit Zahlungsausf\u00e4llen, f\u00fchren Hypothekarprozesse und verwerten oder sichern Pfandrechte.[\/vc_column_text][\/vc_tta_section][vc_tta_section title=&#8220;L\u00f6schungsprozesse&#8220; tab_id=&#8220;1457446618317-a7341110-3075&#8243;][vc_empty_space][vc_column_text]Wir verf\u00fcgen \u00fcber Expertise im Grundbuchsrecht und vertreten \u00fcbergangene Liegenschaftseigent\u00fcmer in L\u00f6schungsprozessen.[\/vc_column_text][\/vc_tta_section][vc_tta_section title=&#8220;Nachbarschaftsrecht&#8220; tab_id=&#8220;1457446618322-a30daee6-add0&#8243;][vc_empty_space][vc_column_text]Wir vertreten Liegenschafts- und Hauseigent\u00fcmer bei der Geltendmachung\/Abwehr nachbarschaftsrechtlicher oder [&hellip;]<\/p>\n","protected":false},"author":1,"featured_media":0,"parent":0,"menu_order":0,"comment_status":"closed","ping_status":"closed","template":"","meta":{"footnotes":""},"class_list":["post-6629","page","type-page","status-publish","hentry"],"_links":{"self":[{"href":"https:\/\/www.gwr.co.at\/index.php?rest_route=\/wp\/v2\/pages\/6629","targetHints":{"allow":["GET"]}}],"collection":[{"href":"https:\/\/www.gwr.co.at\/index.php?rest_route=\/wp\/v2\/pages"}],"about":[{"href":"https:\/\/www.gwr.co.at\/index.php?rest_route=\/wp\/v2\/types\/page"}],"author":[{"embeddable":true,"href":"https:\/\/www.gwr.co.at\/index.php?rest_route=\/wp\/v2\/users\/1"}],"replies":[{"embeddable":true,"href":"https:\/\/www.gwr.co.at\/index.php?rest_route=%2Fwp%2Fv2%2Fcomments&post=6629"}],"version-history":[{"count":2,"href":"https:\/\/www.gwr.co.at\/index.php?rest_route=\/wp\/v2\/pages\/6629\/revisions"}],"predecessor-version":[{"id":6632,"href":"https:\/\/www.gwr.co.at\/index.php?rest_route=\/wp\/v2\/pages\/6629\/revisions\/6632"}],"wp:attachment":[{"href":"https:\/\/www.gwr.co.at\/index.php?rest_route=%2Fwp%2Fv2%2Fmedia&parent=6629"}],"curies":[{"name":"wp","href":"https:\/\/api.w.org\/{rel}","templated":true}]}}