{"id":6636,"date":"2016-03-17T13:22:54","date_gmt":"2016-03-17T12:22:54","guid":{"rendered":"http:\/\/www.gwr.co.at\/?page_id=6636"},"modified":"2016-04-30T13:46:23","modified_gmt":"2016-04-30T11:46:23","slug":"vertragsrecht-3","status":"publish","type":"page","link":"https:\/\/www.gwr.co.at\/?page_id=6636","title":{"rendered":"Vertragsrecht"},"content":{"rendered":"<p>[vc_row header_feature=&#8220;yes&#8220; footer_feature=&#8220;yes&#8220; padding_top=&#8220;60&#8243; padding_bottom=&#8220;60&#8243; margin_bottom=&#8220;0&#8243; section_id=&#8220;arzthaftung&#8220;][vc_column width=&#8220;1\/3&#8243;]<div class=\"eut-element eut-box-icon eut-align-left eut-large\" style=\"\">  <div class=\"eut-wrapper-icon eut-no-shape eut-color-grey\"><i class=\"fa fa-file-excel-o eut-color-primary-1\"><\/i><\/div>  <div class=\"eut-box-content\">    <p class=\"\">Klare Vertr\u00e4ge schaffen Rechtssicherheit und wirken streitpr\u00e4ventiv. Wir verf\u00fcgen \u00fcber umfassende Erfahrung in der nationalen und internationalen Vertragspraxis.<\/p>  <\/div><\/div>[\/vc_column][vc_column width=&#8220;2\/3&#8243;][vc_tta_tabs][vc_tta_section title=&#8220;Vertragspr\u00fcfung&#8220; tab_id=&#8220;1457446618314-a724eff2-f507&#8243;][vc_empty_space][vc_column_text]<\/p>\n<p style=\"text-align: justify;\">Bei zahlreichen gew\u00f6hnlichen und auch au\u00dfergew\u00f6hnlichen Gesch\u00e4ften des Alltags werden Ihnen von Ihrem Gegen\u00fcber standardisierte Vertragsmuster samt Kleingedruckten \u00fcbergeben. Daneben gibt es auch Situationen, in denen Sie Vertragsverhandlungen zun\u00e4chst ohne rechtliche Konsultation f\u00fchren.<\/p>\n<p style=\"text-align: justify;\">Eine sorgf\u00e4ltige anwaltliche Vertragspr\u00fcfung schafft in solchen F\u00e4llen f\u00fcr Sie Sicherheit und sch\u00fctzt vor \u00dcberraschungen. Es soll schon F\u00e4lle gegeben haben, in denen die schriftliche Vertragsurkunde und das gemeinsam erkl\u00e4rte Ziel der Vertragsparteien kaum etwas miteinander zu tun hatten. Z\u00f6gern Sie uns zu konsultieren uns seien Sie sich bewusst, dass ein geringer zeitlicher und finanzieller Aufwand f\u00fcr eine vorsorgliche Vertragspr\u00fcfung Sie vor erheblichen Folgen eines &#8222;schlechten&#8220; Vertrages sch\u00fctzen kann.<\/p>\n<p>[\/vc_column_text][\/vc_tta_section][vc_tta_section title=&#8220;Vertragserrichtung&#8220; tab_id=&#8220;1457446618317-a7341110-3075&#8243;][vc_empty_space][vc_column_text]Wir sind erfahrene Vertragserrichter in vielen Bereichen des Zivil- und Wirtschaftsrechts und vertreten dabei entweder nur eine Vertragspartei, oder treten als gemeinsamer Vertragserrichter auf. Im letztgenannten Fall ist es uns standesrechtlich untersagt, im Falle eines Streits aus dem Vertrag eine Seite anwaltlich zu vertreten. Sie haben damit zus\u00e4tzliche Sicherheit einer besonders sorgf\u00e4ltig gepflegten Objektivit\u00e4t.<\/p>\n<p>Beispiele aus unserer Vertragspraxis:<\/p>\n<ul>\n<li>Liegenschaftskaufvertr\u00e4ge<\/li>\n<li>Wohnungseigentumsvertr\u00e4ge<\/li>\n<li>Bautr\u00e4gervertr\u00e4ge<\/li>\n<li>Baurechtsvertr\u00e4ge<\/li>\n<li>Kauf- und Werkvertr\u00e4ge<\/li>\n<li>Arbeitsvertr\u00e4ge<\/li>\n<li>S\u00e4mtliche gesellschaftsrechtlichen Vertr\u00e4ge<\/li>\n<li>Urheberrechtsvertr\u00e4ge<\/li>\n<li>Vertriebsvertr\u00e4ge<\/li>\n<li>Franchisevertr\u00e4ge<\/li>\n<li>uvm<\/li>\n<\/ul>\n<p>[\/vc_column_text][\/vc_tta_section][vc_tta_section title=&#8220;Anspruchsdurchsetzung&#8220; tab_id=&#8220;1457446618322-a30daee6-add0&#8243;][vc_empty_space][vc_column_text]<\/p>\n<p style=\"text-align: justify;\">Werden vertragliche Anspr\u00fcche strittig, ist ein rasches und sorgf\u00e4ltiges Einschreiben eines Rechtsanwalts empfehlenswert. Als konstruktiv orientierte Rechtsberater sind wir bem\u00fcht, die Streitbeilegung m\u00f6glichst ohne ein kosten- und zeitintensives Gerichtsverfahren zu bewerkstelligen und betrachten die au\u00dfergerichtliche Betreibung oder Anspruchsabwehr in diesem Sinne nicht blo\u00df als Formalakt. Oft sind es Fragen der Vertragsauslegungen, an denen sich die Geister scheiden. Die besseren Argumente f\u00fchren hier h\u00e4ufig zu einem Einlenken der Gegenseite, da dieser dadurch das hohe Kostenrisiko eines weiteren Bestreitens bewusst(er) wird.<\/p>\n<p style=\"text-align: justify;\">Kommt keine L\u00f6sung zustande, stehen wir Ihnen als in vertragsrechtlichen Auseinandersetzungen besonders erfahrene Prozessanw\u00e4lte im Gerichtsverfahren zur Seite und sorgen daf\u00fcr, Ihren Standpunkt und die diesen unterst\u00fctzenden Beweise optimal aufzubereiten bzw zu pr\u00e4sentieren. Wir bereiten Sie auf Ihre Aussage vor Gericht umfassen vor.<\/p>\n<p>[\/vc_column_text][\/vc_tta_section][vc_tta_section title=&#8220;Abwicklung &#038; Treuhand&#8220; tab_id=&#8220;1458217605771-4ae64b77-e3ed&#8220;][vc_empty_space][vc_column_text]<\/p>\n<p style=\"text-align: justify;\">Im Idealfall werden Leistung und Gegenleistungen im vertraglichen Austauschverh\u00e4ltnis Zug-um-Zug (dh gleichzeitig) erbracht. W\u00e4hrend bei einem einfachen Ladenkauf hier keine Probleme auftauchen, bedarf der Leistungsaustausch bei komplizierteren F\u00e4llen oft verschiedener Zwischenschritte. Wird eine Leistung &#8211; meist Geldleistungen &#8211; \u00fcber einige Zeit bei einer dritten Person (einem Treuh\u00e4nder) deponiert, besteht in der Person des Treuh\u00e4nders grunds\u00e4tzlich ein zus\u00e4tzliches Risiko (man denke etwa an eine Insolvenz des Treuh\u00e4nders).<\/p>\n<p style=\"text-align: justify;\">Hier hat sich seit jeher die Einschaltung eines Rechtsanwalts als Treuh\u00e4nder bew\u00e4hrt. Als Rechtsanw\u00e4lte unterliegen wir besonderen Bestimmungen zum Schutz der Partei. Grunds\u00e4tzlich werden Geldtreuhandschaften \u00fcber ein speziell elektronisch gesichertes Treuhandkonto unter der Aufsicht der Treuhandrevision der Rechtsanwaltskammer abgewickelt. Zus\u00e4tzlich besteht ein eigener Versicherungsschutz f\u00fcr das Treugut. Solcherart sorgen wir daf\u00fcr, dass die vertragliche Vereinbarung ohne zus\u00e4tzliche Risiken zuverl\u00e4ssig umgesetzt wird und leisten damit auch einen wesentlichen Beitrag zur Sicherheit des Rechtsverkehrs.<\/p>\n<p>[\/vc_column_text][\/vc_tta_section][\/vc_tta_tabs][\/vc_column][\/vc_row]<\/p>\n","protected":false},"excerpt":{"rendered":"<p>[vc_row header_feature=&#8220;yes&#8220; footer_feature=&#8220;yes&#8220; padding_top=&#8220;60&#8243; padding_bottom=&#8220;60&#8243; margin_bottom=&#8220;0&#8243; section_id=&#8220;arzthaftung&#8220;][vc_column width=&#8220;1\/3&#8243;][\/vc_column][vc_column width=&#8220;2\/3&#8243;][vc_tta_tabs][vc_tta_section title=&#8220;Vertragspr\u00fcfung&#8220; tab_id=&#8220;1457446618314-a724eff2-f507&#8243;][vc_empty_space][vc_column_text] Bei zahlreichen gew\u00f6hnlichen und auch au\u00dfergew\u00f6hnlichen Gesch\u00e4ften des Alltags werden Ihnen von Ihrem Gegen\u00fcber standardisierte Vertragsmuster samt Kleingedruckten \u00fcbergeben. Daneben gibt es auch Situationen, in denen Sie Vertragsverhandlungen zun\u00e4chst ohne rechtliche Konsultation f\u00fchren. Eine sorgf\u00e4ltige anwaltliche Vertragspr\u00fcfung schafft in solchen F\u00e4llen f\u00fcr Sie Sicherheit [&hellip;]<\/p>\n","protected":false},"author":1,"featured_media":0,"parent":0,"menu_order":0,"comment_status":"closed","ping_status":"closed","template":"","meta":{"footnotes":""},"class_list":["post-6636","page","type-page","status-publish","hentry"],"_links":{"self":[{"href":"https:\/\/www.gwr.co.at\/index.php?rest_route=\/wp\/v2\/pages\/6636","targetHints":{"allow":["GET"]}}],"collection":[{"href":"https:\/\/www.gwr.co.at\/index.php?rest_route=\/wp\/v2\/pages"}],"about":[{"href":"https:\/\/www.gwr.co.at\/index.php?rest_route=\/wp\/v2\/types\/page"}],"author":[{"embeddable":true,"href":"https:\/\/www.gwr.co.at\/index.php?rest_route=\/wp\/v2\/users\/1"}],"replies":[{"embeddable":true,"href":"https:\/\/www.gwr.co.at\/index.php?rest_route=%2Fwp%2Fv2%2Fcomments&post=6636"}],"version-history":[{"count":9,"href":"https:\/\/www.gwr.co.at\/index.php?rest_route=\/wp\/v2\/pages\/6636\/revisions"}],"predecessor-version":[{"id":6760,"href":"https:\/\/www.gwr.co.at\/index.php?rest_route=\/wp\/v2\/pages\/6636\/revisions\/6760"}],"wp:attachment":[{"href":"https:\/\/www.gwr.co.at\/index.php?rest_route=%2Fwp%2Fv2%2Fmedia&parent=6636"}],"curies":[{"name":"wp","href":"https:\/\/api.w.org\/{rel}","templated":true}]}}